{"id":8086,"date":"2021-06-08T14:41:00","date_gmt":"2021-06-08T14:41:00","guid":{"rendered":"https:\/\/thelodge.dk\/parkering\/"},"modified":"2026-03-06T07:58:30","modified_gmt":"2026-03-06T07:58:30","slug":"parkering","status":"publish","type":"page","link":"https:\/\/thelodge.dk\/da\/parkering\/","title":{"rendered":"Parkering"},"content":{"rendered":"\t\t<div data-elementor-type=\"wp-page\" data-elementor-id=\"8086\" class=\"elementor elementor-8086 elementor-1544\" data-elementor-post-type=\"page\">\n\t\t\t\t<div class=\"elementor-element elementor-element-1294cc4 e-flex e-con-boxed e-con e-parent\" data-id=\"1294cc4\" data-element_type=\"container\" data-e-type=\"container\" data-settings=\"{&quot;_ob_use_container_extras&quot;:&quot;no&quot;,&quot;_ob_column_hoveranimator&quot;:&quot;no&quot;,&quot;_ob_glider_is_slider&quot;:&quot;no&quot;,&quot;_ob_column_has_pseudo&quot;:&quot;no&quot;}\">\n\t\t\t\t\t<div class=\"e-con-inner\">\n\t\t<div class=\"elementor-element elementor-element-84d1a9f e-con-full e-flex e-con e-child\" data-id=\"84d1a9f\" data-element_type=\"container\" data-e-type=\"container\" data-settings=\"{&quot;_ob_use_container_extras&quot;:&quot;no&quot;,&quot;_ob_column_hoveranimator&quot;:&quot;no&quot;,&quot;_ob_glider_is_slider&quot;:&quot;no&quot;,&quot;_ob_column_has_pseudo&quot;:&quot;no&quot;}\">\n\t\t\t\t<div class=\"elementor-element elementor-element-8a89183 ob-harakiri-inherit ob-has-background-overlay elementor-widget elementor-widget-text-editor\" data-id=\"8a89183\" data-element_type=\"widget\" data-e-type=\"widget\" data-settings=\"{&quot;_ob_use_harakiri&quot;:&quot;yes&quot;,&quot;_ob_harakiri_writing_mode&quot;:&quot;inherit&quot;,&quot;_ob_postman_use&quot;:&quot;no&quot;,&quot;_ob_widget_stalker_use&quot;:&quot;no&quot;,&quot;_ob_poopart_use&quot;:&quot;yes&quot;,&quot;_ob_shadough_use&quot;:&quot;no&quot;,&quot;_ob_allow_hoveranimator&quot;:&quot;no&quot;}\" data-widget_type=\"text-editor.default\">\n\t\t\t\t<div class=\"elementor-widget-container\">\n\t\t\t\t\t\t\t\t\t<h2>Parkering p\u00e5 The Lodge<\/h2><p>Du kan parkere lige uden for hotellet. Det er ikke n\u00f8dvendigt at reservere en parkeringsplads p\u00e5 forh\u00e5nd. <\/p><h3>Parkeringspriser<\/h3><p><strong>Parkering p\u00e5 timebasis<\/strong><\/p><ul><li>15 kr. pr. p\u00e5begyndt time + 4 kr. i servicegebyr<\/li><li>Betaling via EasyPark-appen<\/li><\/ul><p><strong>24-timers parkering<\/strong><\/p><ul><li>80 kr. for 24 timer<\/li><li>Betaling enten via <a href=\"https:\/\/evgy.io\/kEVDK2108\">betalingslinket her<\/a> eller via EasyPark-appen ved ankomst.<\/li><\/ul><h3> <\/h3><h3>Elbiler<\/h3><p>Ladestationerne er placeret p\u00e5 venstre side, n\u00e5r du k\u00f8rer ind p\u00e5 hotellets omr\u00e5de. F\u00f8lg instruktionerne p\u00e5 ladestanderne, og flyt venligst din bil, n\u00e5r opladningen er afsluttet, s\u00e5 pladsen kan benyttes af andre g\u00e6ster. <\/p><p>Bem\u00e6rk venligst, at The Lodge Billund ikke kan holdes ansvarlig for eventuelle parkeringsafgifter, der skyldes manglende eller forkert registrering af dit nummerpladenummer.<\/p>\t\t\t\t\t\t\t\t<\/div>\n\t\t\t\t<\/div>\n\t\t\t\t<\/div>\n\t\t<div class=\"elementor-element elementor-element-2a6d229 e-con-full e-flex e-con e-child\" data-id=\"2a6d229\" data-element_type=\"container\" data-e-type=\"container\" data-settings=\"{&quot;_ob_use_container_extras&quot;:&quot;no&quot;,&quot;_ob_column_hoveranimator&quot;:&quot;no&quot;,&quot;_ob_glider_is_slider&quot;:&quot;no&quot;,&quot;_ob_column_has_pseudo&quot;:&quot;no&quot;}\">\n\t\t\t\t<div class=\"elementor-element elementor-element-6700b81 ob-has-background-overlay elementor-widget elementor-widget-image\" data-id=\"6700b81\" data-element_type=\"widget\" data-e-type=\"widget\" data-settings=\"{&quot;_ob_photomorph_use&quot;:&quot;no&quot;,&quot;_ob_widget_stalker_use&quot;:&quot;no&quot;,&quot;_ob_poopart_use&quot;:&quot;yes&quot;,&quot;_ob_shadough_use&quot;:&quot;no&quot;,&quot;_ob_allow_hoveranimator&quot;:&quot;no&quot;}\" data-widget_type=\"image.default\">\n\t\t\t\t<div class=\"elementor-widget-container\">\n\t\t\t\t\t\t\t\t\t\t\t\t\t\t\t<img fetchpriority=\"high\" decoding=\"async\" width=\"768\" height=\"1024\" src=\"https:\/\/thelodge.dk\/wp-content\/uploads\/2026\/03\/IMG_8662-768x1024.jpeg\" class=\"attachment-medium_large size-medium_large wp-image-8217\" alt=\"\" srcset=\"https:\/\/thelodge.dk\/wp-content\/uploads\/2026\/03\/IMG_8662-768x1024.jpeg 768w, https:\/\/thelodge.dk\/wp-content\/uploads\/2026\/03\/IMG_8662-225x300.jpeg 225w, https:\/\/thelodge.dk\/wp-content\/uploads\/2026\/03\/IMG_8662-1152x1536.jpeg 1152w, https:\/\/thelodge.dk\/wp-content\/uploads\/2026\/03\/IMG_8662-1536x2048.jpeg 1536w, https:\/\/thelodge.dk\/wp-content\/uploads\/2026\/03\/IMG_8662-scaled.jpeg 1920w\" sizes=\"(max-width: 768px) 100vw, 768px\" \/>\t\t\t\t\t\t\t\t\t\t\t\t\t\t\t<\/div>\n\t\t\t\t<\/div>\n\t\t\t\t<\/div>\n\t\t\t\t\t<\/div>\n\t\t\t\t<\/div>\n\t\t<div class=\"elementor-element elementor-element-8d05a59 e-grid e-con-boxed e-con e-parent\" data-id=\"8d05a59\" data-element_type=\"container\" data-e-type=\"container\" data-settings=\"{&quot;_ob_use_container_extras&quot;:&quot;no&quot;,&quot;_ob_column_hoveranimator&quot;:&quot;no&quot;,&quot;_ob_glider_is_slider&quot;:&quot;no&quot;,&quot;_ob_column_has_pseudo&quot;:&quot;no&quot;}\">\n\t\t\t\t\t<div class=\"e-con-inner\">\n\t\t\t\t<div class=\"elementor-element elementor-element-53e1dcf ob-has-background-overlay elementor-widget elementor-widget-image\" data-id=\"53e1dcf\" data-element_type=\"widget\" data-e-type=\"widget\" data-settings=\"{&quot;_ob_photomorph_use&quot;:&quot;no&quot;,&quot;_ob_widget_stalker_use&quot;:&quot;no&quot;,&quot;_ob_poopart_use&quot;:&quot;yes&quot;,&quot;_ob_shadough_use&quot;:&quot;no&quot;,&quot;_ob_allow_hoveranimator&quot;:&quot;no&quot;}\" data-widget_type=\"image.default\">\n\t\t\t\t<div class=\"elementor-widget-container\">\n\t\t\t\t\t\t\t\t\t\t\t\t\t\t\t<img decoding=\"async\" width=\"800\" height=\"534\" src=\"https:\/\/thelodge.dk\/wp-content\/uploads\/2026\/02\/El-ladestander-1024x683.jpg\" class=\"attachment-large size-large wp-image-8084\" alt=\"\" srcset=\"https:\/\/thelodge.dk\/wp-content\/uploads\/2026\/02\/El-ladestander-1024x683.jpg 1024w, https:\/\/thelodge.dk\/wp-content\/uploads\/2026\/02\/El-ladestander-300x200.jpg 300w, https:\/\/thelodge.dk\/wp-content\/uploads\/2026\/02\/El-ladestander-768x512.jpg 768w, https:\/\/thelodge.dk\/wp-content\/uploads\/2026\/02\/El-ladestander-1536x1024.jpg 1536w, https:\/\/thelodge.dk\/wp-content\/uploads\/2026\/02\/El-ladestander-2048x1366.jpg 2048w\" sizes=\"(max-width: 800px) 100vw, 800px\" \/>\t\t\t\t\t\t\t\t\t\t\t\t\t\t\t<\/div>\n\t\t\t\t<\/div>\n\t\t\t\t<div class=\"elementor-element elementor-element-10be7e4 ob-has-background-overlay elementor-widget elementor-widget-image\" data-id=\"10be7e4\" data-element_type=\"widget\" data-e-type=\"widget\" data-settings=\"{&quot;_ob_photomorph_use&quot;:&quot;no&quot;,&quot;_ob_widget_stalker_use&quot;:&quot;no&quot;,&quot;_ob_poopart_use&quot;:&quot;yes&quot;,&quot;_ob_shadough_use&quot;:&quot;no&quot;,&quot;_ob_allow_hoveranimator&quot;:&quot;no&quot;}\" data-widget_type=\"image.default\">\n\t\t\t\t<div class=\"elementor-widget-container\">\n\t\t\t\t\t\t\t\t\t\t\t\t\t\t\t<img decoding=\"async\" width=\"800\" height=\"534\" src=\"https:\/\/thelodge.dk\/wp-content\/uploads\/2026\/02\/Facade-langt-fra-1024x683.jpg\" class=\"attachment-large size-large wp-image-8085\" alt=\"\" srcset=\"https:\/\/thelodge.dk\/wp-content\/uploads\/2026\/02\/Facade-langt-fra-1024x683.jpg 1024w, https:\/\/thelodge.dk\/wp-content\/uploads\/2026\/02\/Facade-langt-fra-300x200.jpg 300w, https:\/\/thelodge.dk\/wp-content\/uploads\/2026\/02\/Facade-langt-fra-768x512.jpg 768w, https:\/\/thelodge.dk\/wp-content\/uploads\/2026\/02\/Facade-langt-fra-1536x1025.jpg 1536w, https:\/\/thelodge.dk\/wp-content\/uploads\/2026\/02\/Facade-langt-fra-2048x1366.jpg 2048w\" sizes=\"(max-width: 800px) 100vw, 800px\" \/>\t\t\t\t\t\t\t\t\t\t\t\t\t\t\t<\/div>\n\t\t\t\t<\/div>\n\t\t\t\t\t<\/div>\n\t\t\t\t<\/div>\n\t\t\t\t<\/div>\n\t\t","protected":false},"excerpt":{"rendered":"<p>Parkering p\u00e5 The Lodge Du kan parkere lige uden for hotellet. Det er ikke n\u00f8dvendigt at reservere en parkeringsplads p\u00e5 forh\u00e5nd. Parkeringspriser Parkering p\u00e5 timebasis 15 kr. pr. p\u00e5begyndt time + 4 kr. i servicegebyr Betaling via EasyPark-appen 24-timers parkering 80 kr. for 24 timer Betaling enten via betalingslinket her eller via EasyPark-appen ved ankomst. [&hellip;]<\/p>\n","protected":false},"author":4,"featured_media":0,"parent":0,"menu_order":14,"comment_status":"closed","ping_status":"closed","template":"","meta":{"_acf_changed":false,"footnotes":""},"class_list":["post-8086","page","type-page","status-publish","hentry"],"acf":[],"yoast_head":"<!-- This site is optimized with the Yoast SEO plugin v27.4 - https:\/\/yoast.com\/product\/yoast-seo-wordpress\/ -->\n<title>Parkering - The Lodge<\/title>\n<meta name=\"robots\" content=\"index, follow, max-snippet:-1, max-image-preview:large, max-video-preview:-1\" \/>\n<link rel=\"canonical\" href=\"https:\/\/thelodge.dk\/da\/parkering\/\" \/>\n<meta property=\"og:locale\" content=\"da_DK\" \/>\n<meta property=\"og:type\" content=\"article\" \/>\n<meta property=\"og:title\" content=\"Parkering - The Lodge\" \/>\n<meta property=\"og:description\" content=\"Parkering p\u00e5 The Lodge Du kan parkere lige uden for hotellet. Det er ikke n\u00f8dvendigt at reservere en parkeringsplads p\u00e5 forh\u00e5nd. Parkeringspriser Parkering p\u00e5 timebasis 15 kr. pr. p\u00e5begyndt time + 4 kr. i servicegebyr Betaling via EasyPark-appen 24-timers parkering 80 kr. for 24 timer Betaling enten via betalingslinket her eller via EasyPark-appen ved ankomst. [&hellip;]\" \/>\n<meta property=\"og:url\" content=\"https:\/\/thelodge.dk\/da\/parkering\/\" \/>\n<meta property=\"og:site_name\" content=\"The Lodge\" \/>\n<meta property=\"article:modified_time\" content=\"2026-03-06T07:58:30+00:00\" \/>\n<meta property=\"og:image\" content=\"https:\/\/thelodge.dk\/wp-content\/uploads\/2026\/03\/IMG_8662-scaled.jpeg\" \/>\n\t<meta property=\"og:image:width\" content=\"1920\" \/>\n\t<meta property=\"og:image:height\" content=\"2560\" \/>\n\t<meta property=\"og:image:type\" content=\"image\/jpeg\" \/>\n<meta name=\"twitter:card\" content=\"summary_large_image\" \/>\n<meta name=\"twitter:label1\" content=\"Estimeret l\u00e6setid\" \/>\n\t<meta name=\"twitter:data1\" content=\"1 minut\" \/>\n<script type=\"application\/ld+json\" class=\"yoast-schema-graph\">{\"@context\":\"https:\\\/\\\/schema.org\",\"@graph\":[{\"@type\":\"WebPage\",\"@id\":\"https:\\\/\\\/thelodge.dk\\\/da\\\/parkering\\\/\",\"url\":\"https:\\\/\\\/thelodge.dk\\\/da\\\/parkering\\\/\",\"name\":\"Parkering - The Lodge\",\"isPartOf\":{\"@id\":\"https:\\\/\\\/thelodge.dk\\\/da\\\/#website\"},\"primaryImageOfPage\":{\"@id\":\"https:\\\/\\\/thelodge.dk\\\/da\\\/parkering\\\/#primaryimage\"},\"image\":{\"@id\":\"https:\\\/\\\/thelodge.dk\\\/da\\\/parkering\\\/#primaryimage\"},\"thumbnailUrl\":\"https:\\\/\\\/thelodge.dk\\\/wp-content\\\/uploads\\\/2026\\\/03\\\/IMG_8662-768x1024.jpeg\",\"datePublished\":\"2021-06-08T14:41:00+00:00\",\"dateModified\":\"2026-03-06T07:58:30+00:00\",\"breadcrumb\":{\"@id\":\"https:\\\/\\\/thelodge.dk\\\/da\\\/parkering\\\/#breadcrumb\"},\"inLanguage\":\"da-DK\",\"potentialAction\":[{\"@type\":\"ReadAction\",\"target\":[\"https:\\\/\\\/thelodge.dk\\\/da\\\/parkering\\\/\"]}]},{\"@type\":\"ImageObject\",\"inLanguage\":\"da-DK\",\"@id\":\"https:\\\/\\\/thelodge.dk\\\/da\\\/parkering\\\/#primaryimage\",\"url\":\"https:\\\/\\\/thelodge.dk\\\/wp-content\\\/uploads\\\/2026\\\/03\\\/IMG_8662-768x1024.jpeg\",\"contentUrl\":\"https:\\\/\\\/thelodge.dk\\\/wp-content\\\/uploads\\\/2026\\\/03\\\/IMG_8662-768x1024.jpeg\"},{\"@type\":\"BreadcrumbList\",\"@id\":\"https:\\\/\\\/thelodge.dk\\\/da\\\/parkering\\\/#breadcrumb\",\"itemListElement\":[{\"@type\":\"ListItem\",\"position\":1,\"name\":\"Hjem\",\"item\":\"https:\\\/\\\/thelodge.dk\\\/da\\\/forside\\\/\"},{\"@type\":\"ListItem\",\"position\":2,\"name\":\"Parkering\"}]},{\"@type\":\"WebSite\",\"@id\":\"https:\\\/\\\/thelodge.dk\\\/da\\\/#website\",\"url\":\"https:\\\/\\\/thelodge.dk\\\/da\\\/\",\"name\":\"The Lodge\",\"description\":\"Billund\",\"publisher\":{\"@id\":\"https:\\\/\\\/thelodge.dk\\\/da\\\/#organization\"},\"potentialAction\":[{\"@type\":\"SearchAction\",\"target\":{\"@type\":\"EntryPoint\",\"urlTemplate\":\"https:\\\/\\\/thelodge.dk\\\/da\\\/?s={search_term_string}\"},\"query-input\":{\"@type\":\"PropertyValueSpecification\",\"valueRequired\":true,\"valueName\":\"search_term_string\"}}],\"inLanguage\":\"da-DK\"},{\"@type\":\"Organization\",\"@id\":\"https:\\\/\\\/thelodge.dk\\\/da\\\/#organization\",\"name\":\"The Lodge Billund\",\"url\":\"https:\\\/\\\/thelodge.dk\\\/da\\\/\",\"logo\":{\"@type\":\"ImageObject\",\"inLanguage\":\"da-DK\",\"@id\":\"https:\\\/\\\/thelodge.dk\\\/da\\\/#\\\/schema\\\/logo\\\/image\\\/\",\"url\":\"https:\\\/\\\/thelodge.dk\\\/wp-content\\\/uploads\\\/2020\\\/10\\\/rgb_119_145_138.svg\",\"contentUrl\":\"https:\\\/\\\/thelodge.dk\\\/wp-content\\\/uploads\\\/2020\\\/10\\\/rgb_119_145_138.svg\",\"width\":565,\"height\":259,\"caption\":\"The Lodge Billund\"},\"image\":{\"@id\":\"https:\\\/\\\/thelodge.dk\\\/da\\\/#\\\/schema\\\/logo\\\/image\\\/\"}}]}<\/script>\n<!-- \/ Yoast SEO plugin. -->","yoast_head_json":{"title":"Parkering - The Lodge","robots":{"index":"index","follow":"follow","max-snippet":"max-snippet:-1","max-image-preview":"max-image-preview:large","max-video-preview":"max-video-preview:-1"},"canonical":"https:\/\/thelodge.dk\/da\/parkering\/","og_locale":"da_DK","og_type":"article","og_title":"Parkering - The Lodge","og_description":"Parkering p\u00e5 The Lodge Du kan parkere lige uden for hotellet. Det er ikke n\u00f8dvendigt at reservere en parkeringsplads p\u00e5 forh\u00e5nd. Parkeringspriser Parkering p\u00e5 timebasis 15 kr. pr. p\u00e5begyndt time + 4 kr. i servicegebyr Betaling via EasyPark-appen 24-timers parkering 80 kr. for 24 timer Betaling enten via betalingslinket her eller via EasyPark-appen ved ankomst. [&hellip;]","og_url":"https:\/\/thelodge.dk\/da\/parkering\/","og_site_name":"The Lodge","article_modified_time":"2026-03-06T07:58:30+00:00","og_image":[{"width":1920,"height":2560,"url":"https:\/\/thelodge.dk\/wp-content\/uploads\/2026\/03\/IMG_8662-scaled.jpeg","type":"image\/jpeg"}],"twitter_card":"summary_large_image","twitter_misc":{"Estimeret l\u00e6setid":"1 minut"},"schema":{"@context":"https:\/\/schema.org","@graph":[{"@type":"WebPage","@id":"https:\/\/thelodge.dk\/da\/parkering\/","url":"https:\/\/thelodge.dk\/da\/parkering\/","name":"Parkering - The Lodge","isPartOf":{"@id":"https:\/\/thelodge.dk\/da\/#website"},"primaryImageOfPage":{"@id":"https:\/\/thelodge.dk\/da\/parkering\/#primaryimage"},"image":{"@id":"https:\/\/thelodge.dk\/da\/parkering\/#primaryimage"},"thumbnailUrl":"https:\/\/thelodge.dk\/wp-content\/uploads\/2026\/03\/IMG_8662-768x1024.jpeg","datePublished":"2021-06-08T14:41:00+00:00","dateModified":"2026-03-06T07:58:30+00:00","breadcrumb":{"@id":"https:\/\/thelodge.dk\/da\/parkering\/#breadcrumb"},"inLanguage":"da-DK","potentialAction":[{"@type":"ReadAction","target":["https:\/\/thelodge.dk\/da\/parkering\/"]}]},{"@type":"ImageObject","inLanguage":"da-DK","@id":"https:\/\/thelodge.dk\/da\/parkering\/#primaryimage","url":"https:\/\/thelodge.dk\/wp-content\/uploads\/2026\/03\/IMG_8662-768x1024.jpeg","contentUrl":"https:\/\/thelodge.dk\/wp-content\/uploads\/2026\/03\/IMG_8662-768x1024.jpeg"},{"@type":"BreadcrumbList","@id":"https:\/\/thelodge.dk\/da\/parkering\/#breadcrumb","itemListElement":[{"@type":"ListItem","position":1,"name":"Hjem","item":"https:\/\/thelodge.dk\/da\/forside\/"},{"@type":"ListItem","position":2,"name":"Parkering"}]},{"@type":"WebSite","@id":"https:\/\/thelodge.dk\/da\/#website","url":"https:\/\/thelodge.dk\/da\/","name":"The Lodge","description":"Billund","publisher":{"@id":"https:\/\/thelodge.dk\/da\/#organization"},"potentialAction":[{"@type":"SearchAction","target":{"@type":"EntryPoint","urlTemplate":"https:\/\/thelodge.dk\/da\/?s={search_term_string}"},"query-input":{"@type":"PropertyValueSpecification","valueRequired":true,"valueName":"search_term_string"}}],"inLanguage":"da-DK"},{"@type":"Organization","@id":"https:\/\/thelodge.dk\/da\/#organization","name":"The Lodge Billund","url":"https:\/\/thelodge.dk\/da\/","logo":{"@type":"ImageObject","inLanguage":"da-DK","@id":"https:\/\/thelodge.dk\/da\/#\/schema\/logo\/image\/","url":"https:\/\/thelodge.dk\/wp-content\/uploads\/2020\/10\/rgb_119_145_138.svg","contentUrl":"https:\/\/thelodge.dk\/wp-content\/uploads\/2020\/10\/rgb_119_145_138.svg","width":565,"height":259,"caption":"The Lodge Billund"},"image":{"@id":"https:\/\/thelodge.dk\/da\/#\/schema\/logo\/image\/"}}]}},"_links":{"self":[{"href":"https:\/\/thelodge.dk\/da\/wp-json\/wp\/v2\/pages\/8086","targetHints":{"allow":["GET"]}}],"collection":[{"href":"https:\/\/thelodge.dk\/da\/wp-json\/wp\/v2\/pages"}],"about":[{"href":"https:\/\/thelodge.dk\/da\/wp-json\/wp\/v2\/types\/page"}],"author":[{"embeddable":true,"href":"https:\/\/thelodge.dk\/da\/wp-json\/wp\/v2\/users\/4"}],"replies":[{"embeddable":true,"href":"https:\/\/thelodge.dk\/da\/wp-json\/wp\/v2\/comments?post=8086"}],"version-history":[{"count":3,"href":"https:\/\/thelodge.dk\/da\/wp-json\/wp\/v2\/pages\/8086\/revisions"}],"predecessor-version":[{"id":8218,"href":"https:\/\/thelodge.dk\/da\/wp-json\/wp\/v2\/pages\/8086\/revisions\/8218"}],"wp:attachment":[{"href":"https:\/\/thelodge.dk\/da\/wp-json\/wp\/v2\/media?parent=8086"}],"curies":[{"name":"wp","href":"https:\/\/api.w.org\/{rel}","templated":true}]}}