{"id":7856,"date":"2020-11-18T11:22:22","date_gmt":"2020-11-18T11:22:22","guid":{"rendered":"https:\/\/thelodge.dk\/reservationsbetingelser\/"},"modified":"2026-01-13T08:28:37","modified_gmt":"2026-01-13T08:28:37","slug":"reservationsbetingelser","status":"publish","type":"page","link":"https:\/\/thelodge.dk\/da\/reservationsbetingelser\/","title":{"rendered":"Reservationsbetingelser"},"content":{"rendered":"\t\t<div data-elementor-type=\"wp-page\" data-elementor-id=\"7856\" class=\"elementor elementor-7856 elementor-815\" data-elementor-post-type=\"page\">\n\t\t\t\t\t\t<section class=\"elementor-section elementor-top-section elementor-element elementor-element-e1e5f1b elementor-section-boxed elementor-section-height-default elementor-section-height-default\" data-id=\"e1e5f1b\" data-element_type=\"section\" data-e-type=\"section\" data-settings=\"{&quot;_ob_glider_is_slider&quot;:&quot;no&quot;}\">\n\t\t\t\t\t\t<div class=\"elementor-container elementor-column-gap-default\">\n\t\t\t\t\t<div class=\"elementor-column elementor-col-100 elementor-top-column elementor-element elementor-element-dd2e290\" data-id=\"dd2e290\" data-element_type=\"column\" data-e-type=\"column\" data-settings=\"{&quot;_ob_column_hoveranimator&quot;:&quot;no&quot;,&quot;_ob_column_has_pseudo&quot;:&quot;no&quot;}\">\n\t\t\t<div class=\"elementor-widget-wrap elementor-element-populated\">\n\t\t\t\t\t\t<div class=\"elementor-element elementor-element-d360d7d ob-harakiri-inherit ob-has-background-overlay elementor-widget elementor-widget-heading\" data-id=\"d360d7d\" data-element_type=\"widget\" data-e-type=\"widget\" data-settings=\"{&quot;_ob_use_harakiri&quot;:&quot;yes&quot;,&quot;_ob_harakiri_writing_mode&quot;:&quot;inherit&quot;,&quot;_ob_harakiri_text_clip&quot;:&quot;none&quot;,&quot;_ob_widget_stalker_use&quot;:&quot;no&quot;,&quot;_ob_poopart_use&quot;:&quot;yes&quot;,&quot;_ob_shadough_use&quot;:&quot;no&quot;,&quot;_ob_allow_hoveranimator&quot;:&quot;no&quot;}\" data-widget_type=\"heading.default\">\n\t\t\t\t<div class=\"elementor-widget-container\">\n\t\t\t\t\t<h2 class=\"elementor-heading-title elementor-size-default\">Reservationsbetingelser<\/h2>\t\t\t\t<\/div>\n\t\t\t\t<\/div>\n\t\t\t\t\t<\/div>\n\t\t<\/div>\n\t\t\t\t\t<\/div>\n\t\t<\/section>\n\t\t\t\t<section class=\"elementor-section elementor-top-section elementor-element elementor-element-ce69906 elementor-section-boxed elementor-section-height-default elementor-section-height-default\" data-id=\"ce69906\" data-element_type=\"section\" data-e-type=\"section\" data-settings=\"{&quot;_ob_glider_is_slider&quot;:&quot;no&quot;}\">\n\t\t\t\t\t\t<div class=\"elementor-container elementor-column-gap-default\">\n\t\t\t\t\t<div class=\"elementor-column elementor-col-100 elementor-top-column elementor-element elementor-element-64ac0bc\" data-id=\"64ac0bc\" data-element_type=\"column\" data-e-type=\"column\" data-settings=\"{&quot;_ob_column_hoveranimator&quot;:&quot;no&quot;,&quot;_ob_column_has_pseudo&quot;:&quot;no&quot;}\">\n\t\t\t<div class=\"elementor-widget-wrap elementor-element-populated\">\n\t\t\t\t\t\t<div class=\"elementor-element elementor-element-fca678a ob-harakiri-inherit ob-has-background-overlay elementor-widget elementor-widget-text-editor\" data-id=\"fca678a\" data-element_type=\"widget\" data-e-type=\"widget\" data-settings=\"{&quot;_ob_use_harakiri&quot;:&quot;yes&quot;,&quot;_ob_harakiri_writing_mode&quot;:&quot;inherit&quot;,&quot;_ob_postman_use&quot;:&quot;no&quot;,&quot;_ob_widget_stalker_use&quot;:&quot;no&quot;,&quot;_ob_poopart_use&quot;:&quot;yes&quot;,&quot;_ob_shadough_use&quot;:&quot;no&quot;,&quot;_ob_allow_hoveranimator&quot;:&quot;no&quot;}\" data-widget_type=\"text-editor.default\">\n\t\t\t\t<div class=\"elementor-widget-container\">\n\t\t\t\t\t\t\t\t\t<p><strong>Booking og bekr\u00e6ftelse<\/strong><\/p><p>En booking er bindende, n\u00e5r den er bekr\u00e6ftet, og du har modtaget et bookingnummer eller en anden form for bekr\u00e6ftelse. For at kunne booke et v\u00e6relse p\u00e5 hotellet skal du v\u00e6re mindst 18 \u00e5r gammel. Mindre\u00e5rige under 18 \u00e5r har ikke tilladelse til at overnatte uden en for\u00e6lder eller v\u00e6rge.  <\/p><p><strong>Afbestilling og \u00e6ndring<\/strong><\/p><p>Medmindre andet er aftalt ved bookingen, eller der g\u00e6lder s\u00e6rlige vilk\u00e5r for den valgte pris, kan afbestillinger og \u00e6ndringer foretages indtil kl. 16.00 lokal tid p\u00e5 ankomstdagen. Hvis du ikke m\u00f8der op og ikke har afbestilt p\u00e5 forh\u00e5nd, eller hvis du afbestiller efter kl. 16.00 lokal tid, vil du blive opkr\u00e6vet for \u00e9n overnatning. \u00c6ndringer i opholdsdatoer kan medf\u00f8re pris\u00e6ndringer. Bem\u00e6rk, at andre afbestillings- og \u00e6ndringsregler kan g\u00e6lde for bookinger foretaget via tredjeparter.   <\/p><p><strong>Kreditkort og kontantbetaling<\/strong><\/p><p>Hotellet forbeholder sig ret til at forh\u00e5ndsgodkende dit kredit-\/debetkort inden ankomst. Hotellet opkr\u00e6ver ikke bel\u00f8bet p\u00e5 dit kort, medmindre du har booket et ikke-refunderbart ophold. <\/p><p>Hotellet kan anmode din bank via NETS om at frigive et forh\u00e5ndsreserveret bel\u00f8b, men kun din bank kan slette reservationen af bel\u00f8bet.<\/p><p>Hotellet accepterer kun betaling med kontanter i danske kroner.<\/p><p><strong>Priser<\/strong><\/p><p>Priserne og de generelle betingelser p\u00e5 hjemmesiden g\u00e6lder for individuelle bookinger. Hvis der bookes mere end 9 v\u00e6relser til samme periode, betragter hotellet det som en gruppebooking, hvilket kan medf\u00f8re \u00e6ndrede priser og betingelser, herunder bl.a. andre afbestillings- og betalingsvilk\u00e5r. Hvis du \u00f8nsker at booke mere end 9 v\u00e6relser, bedes du kontakte hotellet direkte.  <\/p><p>Alle priser er angivet pr. v\u00e6relse pr. nat og inkluderer service samt 25 % moms. Bem\u00e6rk, at nogle tilbud ikke kan afbestilles, refunderes eller \u00e6ndres. <\/p><p><strong>Depositum ved check-in<\/strong><\/p><p>V\u00e6r opm\u00e6rksom p\u00e5, at hotellet i visse tilf\u00e6lde kan kr\u00e6ve et depositum ved check-in. Depositummet skal betales enten kontant eller med kreditkort. <\/p><p><strong>Hotellets forpligtelser<\/strong><\/p><p>Hvis hotellet ikke kan tilbyde dig et v\u00e6relse som aftalt, har du ret til uden meromkostning at f\u00e5 et tilsvarende eller bedre v\u00e6relse p\u00e5 hotellet eller p\u00e5 et hotel af tilsvarende standard.<\/p><p><strong>Rygning<\/strong><\/p><p>Hotellet er r\u00f8gfrit. Rygning er kun tilladt udenfor. Hvis en g\u00e6st overtr\u00e6der rygeforbuddet, har hotellet ret til at kr\u00e6ve betaling for de omkostninger, der m\u00e5tte opst\u00e5 som f\u00f8lge heraf.  <\/p>\t\t\t\t\t\t\t\t<\/div>\n\t\t\t\t<\/div>\n\t\t\t\t\t<\/div>\n\t\t<\/div>\n\t\t\t\t\t<\/div>\n\t\t<\/section>\n\t\t\t\t<\/div>\n\t\t","protected":false},"excerpt":{"rendered":"<p>Reservationsbetingelser Booking og bekr\u00e6ftelse En booking er bindende, n\u00e5r den er bekr\u00e6ftet, og du har modtaget et bookingnummer eller en anden form for bekr\u00e6ftelse. For at kunne booke et v\u00e6relse p\u00e5 hotellet skal du v\u00e6re mindst 18 \u00e5r gammel. Mindre\u00e5rige under 18 \u00e5r har ikke tilladelse til at overnatte uden en for\u00e6lder eller v\u00e6rge. Afbestilling [&hellip;]<\/p>\n","protected":false},"author":1,"featured_media":0,"parent":0,"menu_order":19,"comment_status":"closed","ping_status":"closed","template":"","meta":{"_acf_changed":false,"footnotes":""},"class_list":["post-7856","page","type-page","status-publish","hentry"],"acf":[],"yoast_head":"<!-- This site is optimized with the Yoast SEO plugin v27.3 - https:\/\/yoast.com\/product\/yoast-seo-wordpress\/ -->\n<title>Reservationsbetingelser - The Lodge<\/title>\n<meta name=\"robots\" content=\"index, follow, max-snippet:-1, max-image-preview:large, max-video-preview:-1\" \/>\n<link rel=\"canonical\" href=\"https:\/\/thelodge.dk\/da\/reservationsbetingelser\/\" \/>\n<meta property=\"og:locale\" content=\"da_DK\" \/>\n<meta property=\"og:type\" content=\"article\" \/>\n<meta property=\"og:title\" content=\"Reservationsbetingelser - The Lodge\" \/>\n<meta property=\"og:description\" content=\"Reservationsbetingelser Booking og bekr\u00e6ftelse En booking er bindende, n\u00e5r den er bekr\u00e6ftet, og du har modtaget et bookingnummer eller en anden form for bekr\u00e6ftelse. For at kunne booke et v\u00e6relse p\u00e5 hotellet skal du v\u00e6re mindst 18 \u00e5r gammel. Mindre\u00e5rige under 18 \u00e5r har ikke tilladelse til at overnatte uden en for\u00e6lder eller v\u00e6rge. Afbestilling [&hellip;]\" \/>\n<meta property=\"og:url\" content=\"https:\/\/thelodge.dk\/da\/reservationsbetingelser\/\" \/>\n<meta property=\"og:site_name\" content=\"The Lodge\" \/>\n<meta property=\"article:modified_time\" content=\"2026-01-13T08:28:37+00:00\" \/>\n<meta name=\"twitter:card\" content=\"summary_large_image\" \/>\n<meta name=\"twitter:label1\" content=\"Estimeret l\u00e6setid\" \/>\n\t<meta name=\"twitter:data1\" content=\"2 minutter\" \/>\n<script type=\"application\/ld+json\" class=\"yoast-schema-graph\">{\"@context\":\"https:\\\/\\\/schema.org\",\"@graph\":[{\"@type\":\"WebPage\",\"@id\":\"https:\\\/\\\/thelodge.dk\\\/da\\\/reservationsbetingelser\\\/\",\"url\":\"https:\\\/\\\/thelodge.dk\\\/da\\\/reservationsbetingelser\\\/\",\"name\":\"Reservationsbetingelser - The Lodge\",\"isPartOf\":{\"@id\":\"https:\\\/\\\/thelodge.dk\\\/da\\\/#website\"},\"datePublished\":\"2020-11-18T11:22:22+00:00\",\"dateModified\":\"2026-01-13T08:28:37+00:00\",\"breadcrumb\":{\"@id\":\"https:\\\/\\\/thelodge.dk\\\/da\\\/reservationsbetingelser\\\/#breadcrumb\"},\"inLanguage\":\"da-DK\",\"potentialAction\":[{\"@type\":\"ReadAction\",\"target\":[\"https:\\\/\\\/thelodge.dk\\\/da\\\/reservationsbetingelser\\\/\"]}]},{\"@type\":\"BreadcrumbList\",\"@id\":\"https:\\\/\\\/thelodge.dk\\\/da\\\/reservationsbetingelser\\\/#breadcrumb\",\"itemListElement\":[{\"@type\":\"ListItem\",\"position\":1,\"name\":\"Hjem\",\"item\":\"https:\\\/\\\/thelodge.dk\\\/da\\\/forside\\\/\"},{\"@type\":\"ListItem\",\"position\":2,\"name\":\"Reservationsbetingelser\"}]},{\"@type\":\"WebSite\",\"@id\":\"https:\\\/\\\/thelodge.dk\\\/da\\\/#website\",\"url\":\"https:\\\/\\\/thelodge.dk\\\/da\\\/\",\"name\":\"The Lodge\",\"description\":\"Billund\",\"publisher\":{\"@id\":\"https:\\\/\\\/thelodge.dk\\\/da\\\/#organization\"},\"potentialAction\":[{\"@type\":\"SearchAction\",\"target\":{\"@type\":\"EntryPoint\",\"urlTemplate\":\"https:\\\/\\\/thelodge.dk\\\/da\\\/?s={search_term_string}\"},\"query-input\":{\"@type\":\"PropertyValueSpecification\",\"valueRequired\":true,\"valueName\":\"search_term_string\"}}],\"inLanguage\":\"da-DK\"},{\"@type\":\"Organization\",\"@id\":\"https:\\\/\\\/thelodge.dk\\\/da\\\/#organization\",\"name\":\"The Lodge Billund\",\"url\":\"https:\\\/\\\/thelodge.dk\\\/da\\\/\",\"logo\":{\"@type\":\"ImageObject\",\"inLanguage\":\"da-DK\",\"@id\":\"https:\\\/\\\/thelodge.dk\\\/da\\\/#\\\/schema\\\/logo\\\/image\\\/\",\"url\":\"https:\\\/\\\/thelodge.dk\\\/wp-content\\\/uploads\\\/2020\\\/10\\\/rgb_119_145_138.svg\",\"contentUrl\":\"https:\\\/\\\/thelodge.dk\\\/wp-content\\\/uploads\\\/2020\\\/10\\\/rgb_119_145_138.svg\",\"width\":565,\"height\":259,\"caption\":\"The Lodge Billund\"},\"image\":{\"@id\":\"https:\\\/\\\/thelodge.dk\\\/da\\\/#\\\/schema\\\/logo\\\/image\\\/\"}}]}<\/script>\n<!-- \/ Yoast SEO plugin. -->","yoast_head_json":{"title":"Reservationsbetingelser - The Lodge","robots":{"index":"index","follow":"follow","max-snippet":"max-snippet:-1","max-image-preview":"max-image-preview:large","max-video-preview":"max-video-preview:-1"},"canonical":"https:\/\/thelodge.dk\/da\/reservationsbetingelser\/","og_locale":"da_DK","og_type":"article","og_title":"Reservationsbetingelser - The Lodge","og_description":"Reservationsbetingelser Booking og bekr\u00e6ftelse En booking er bindende, n\u00e5r den er bekr\u00e6ftet, og du har modtaget et bookingnummer eller en anden form for bekr\u00e6ftelse. For at kunne booke et v\u00e6relse p\u00e5 hotellet skal du v\u00e6re mindst 18 \u00e5r gammel. Mindre\u00e5rige under 18 \u00e5r har ikke tilladelse til at overnatte uden en for\u00e6lder eller v\u00e6rge. Afbestilling [&hellip;]","og_url":"https:\/\/thelodge.dk\/da\/reservationsbetingelser\/","og_site_name":"The Lodge","article_modified_time":"2026-01-13T08:28:37+00:00","twitter_card":"summary_large_image","twitter_misc":{"Estimeret l\u00e6setid":"2 minutter"},"schema":{"@context":"https:\/\/schema.org","@graph":[{"@type":"WebPage","@id":"https:\/\/thelodge.dk\/da\/reservationsbetingelser\/","url":"https:\/\/thelodge.dk\/da\/reservationsbetingelser\/","name":"Reservationsbetingelser - The Lodge","isPartOf":{"@id":"https:\/\/thelodge.dk\/da\/#website"},"datePublished":"2020-11-18T11:22:22+00:00","dateModified":"2026-01-13T08:28:37+00:00","breadcrumb":{"@id":"https:\/\/thelodge.dk\/da\/reservationsbetingelser\/#breadcrumb"},"inLanguage":"da-DK","potentialAction":[{"@type":"ReadAction","target":["https:\/\/thelodge.dk\/da\/reservationsbetingelser\/"]}]},{"@type":"BreadcrumbList","@id":"https:\/\/thelodge.dk\/da\/reservationsbetingelser\/#breadcrumb","itemListElement":[{"@type":"ListItem","position":1,"name":"Hjem","item":"https:\/\/thelodge.dk\/da\/forside\/"},{"@type":"ListItem","position":2,"name":"Reservationsbetingelser"}]},{"@type":"WebSite","@id":"https:\/\/thelodge.dk\/da\/#website","url":"https:\/\/thelodge.dk\/da\/","name":"The Lodge","description":"Billund","publisher":{"@id":"https:\/\/thelodge.dk\/da\/#organization"},"potentialAction":[{"@type":"SearchAction","target":{"@type":"EntryPoint","urlTemplate":"https:\/\/thelodge.dk\/da\/?s={search_term_string}"},"query-input":{"@type":"PropertyValueSpecification","valueRequired":true,"valueName":"search_term_string"}}],"inLanguage":"da-DK"},{"@type":"Organization","@id":"https:\/\/thelodge.dk\/da\/#organization","name":"The Lodge Billund","url":"https:\/\/thelodge.dk\/da\/","logo":{"@type":"ImageObject","inLanguage":"da-DK","@id":"https:\/\/thelodge.dk\/da\/#\/schema\/logo\/image\/","url":"https:\/\/thelodge.dk\/wp-content\/uploads\/2020\/10\/rgb_119_145_138.svg","contentUrl":"https:\/\/thelodge.dk\/wp-content\/uploads\/2020\/10\/rgb_119_145_138.svg","width":565,"height":259,"caption":"The Lodge Billund"},"image":{"@id":"https:\/\/thelodge.dk\/da\/#\/schema\/logo\/image\/"}}]}},"_links":{"self":[{"href":"https:\/\/thelodge.dk\/da\/wp-json\/wp\/v2\/pages\/7856","targetHints":{"allow":["GET"]}}],"collection":[{"href":"https:\/\/thelodge.dk\/da\/wp-json\/wp\/v2\/pages"}],"about":[{"href":"https:\/\/thelodge.dk\/da\/wp-json\/wp\/v2\/types\/page"}],"author":[{"embeddable":true,"href":"https:\/\/thelodge.dk\/da\/wp-json\/wp\/v2\/users\/1"}],"replies":[{"embeddable":true,"href":"https:\/\/thelodge.dk\/da\/wp-json\/wp\/v2\/comments?post=7856"}],"version-history":[{"count":1,"href":"https:\/\/thelodge.dk\/da\/wp-json\/wp\/v2\/pages\/7856\/revisions"}],"predecessor-version":[{"id":7857,"href":"https:\/\/thelodge.dk\/da\/wp-json\/wp\/v2\/pages\/7856\/revisions\/7857"}],"wp:attachment":[{"href":"https:\/\/thelodge.dk\/da\/wp-json\/wp\/v2\/media?parent=7856"}],"curies":[{"name":"wp","href":"https:\/\/api.w.org\/{rel}","templated":true}]}}