{"id":7830,"date":"2022-02-24T15:14:29","date_gmt":"2022-02-24T15:14:29","guid":{"rendered":"https:\/\/thelodge.dk\/the-leaf-restaurant\/"},"modified":"2026-01-13T09:36:12","modified_gmt":"2026-01-13T09:36:12","slug":"the-leaf-restaurant","status":"publish","type":"page","link":"https:\/\/thelodge.dk\/da\/the-leaf-restaurant\/","title":{"rendered":"The Leaf Restaurant"},"content":{"rendered":"\t\t<div data-elementor-type=\"wp-page\" data-elementor-id=\"7830\" class=\"elementor elementor-7830 elementor-1955\" data-elementor-post-type=\"page\">\n\t\t\t\t\t\t<section class=\"elementor-section elementor-top-section elementor-element elementor-element-e869c23 elementor-section-boxed elementor-section-height-default elementor-section-height-default\" data-id=\"e869c23\" data-element_type=\"section\" data-e-type=\"section\" data-settings=\"{&quot;_ob_glider_is_slider&quot;:&quot;no&quot;}\">\n\t\t\t\t\t\t<div class=\"elementor-container elementor-column-gap-default\">\n\t\t\t\t\t<div class=\"elementor-column elementor-col-100 elementor-top-column elementor-element elementor-element-65f37b3\" data-id=\"65f37b3\" data-element_type=\"column\" data-e-type=\"column\" data-settings=\"{&quot;_ob_column_hoveranimator&quot;:&quot;no&quot;,&quot;_ob_column_has_pseudo&quot;:&quot;no&quot;}\">\n\t\t\t<div class=\"elementor-widget-wrap elementor-element-populated\">\n\t\t\t\t\t\t<div class=\"elementor-element elementor-element-539bcc7 ob-has-background-overlay elementor-widget elementor-widget-spacer\" data-id=\"539bcc7\" data-element_type=\"widget\" data-e-type=\"widget\" data-settings=\"{&quot;_ob_spacerat_use&quot;:&quot;no&quot;,&quot;_ob_widget_stalker_use&quot;:&quot;no&quot;,&quot;_ob_poopart_use&quot;:&quot;yes&quot;,&quot;_ob_shadough_use&quot;:&quot;no&quot;,&quot;_ob_allow_hoveranimator&quot;:&quot;no&quot;}\" data-widget_type=\"spacer.default\">\n\t\t\t\t<div class=\"elementor-widget-container\">\n\t\t\t\t\t\t\t<div class=\"elementor-spacer\">\n\t\t\t<div class=\"elementor-spacer-inner\"><\/div>\n\t\t<\/div>\n\t\t\t\t\t\t<\/div>\n\t\t\t\t<\/div>\n\t\t\t\t\t<\/div>\n\t\t<\/div>\n\t\t\t\t\t<\/div>\n\t\t<\/section>\n\t\t\t\t<section class=\"elementor-section elementor-top-section elementor-element elementor-element-1a1118c elementor-section-boxed elementor-section-height-default elementor-section-height-default\" data-id=\"1a1118c\" data-element_type=\"section\" data-e-type=\"section\" data-settings=\"{&quot;_ob_glider_is_slider&quot;:&quot;no&quot;}\">\n\t\t\t\t\t\t<div class=\"elementor-container elementor-column-gap-default\">\n\t\t\t\t\t<div class=\"elementor-column elementor-col-50 elementor-top-column elementor-element elementor-element-a538a86\" data-id=\"a538a86\" data-element_type=\"column\" data-e-type=\"column\" data-settings=\"{&quot;_ob_column_hoveranimator&quot;:&quot;no&quot;,&quot;_ob_column_has_pseudo&quot;:&quot;no&quot;}\">\n\t\t\t<div class=\"elementor-widget-wrap elementor-element-populated\">\n\t\t\t\t\t\t<div class=\"elementor-element elementor-element-5608886 ob-harakiri-inherit ob-has-background-overlay elementor-widget elementor-widget-text-editor\" data-id=\"5608886\" data-element_type=\"widget\" data-e-type=\"widget\" data-settings=\"{&quot;_ob_use_harakiri&quot;:&quot;yes&quot;,&quot;_ob_harakiri_writing_mode&quot;:&quot;inherit&quot;,&quot;_ob_postman_use&quot;:&quot;no&quot;,&quot;_ob_widget_stalker_use&quot;:&quot;no&quot;,&quot;_ob_poopart_use&quot;:&quot;yes&quot;,&quot;_ob_shadough_use&quot;:&quot;no&quot;,&quot;_ob_allow_hoveranimator&quot;:&quot;no&quot;}\" data-widget_type=\"text-editor.default\">\n\t\t\t\t<div class=\"elementor-widget-container\">\n\t\t\t\t\t\t\t\t\t<h2>Velkommen til The Leaf<\/h2><p>I hjertet af The Lodge finder du vores restaurant, The Leaf.<\/p><p>Her serverer vi byens bedste morgenmad samt inspirerende frokoster til dit m\u00f8de.<\/p>\t\t\t\t\t\t\t\t<\/div>\n\t\t\t\t<\/div>\n\t\t\t\t<div class=\"elementor-element elementor-element-cde4176 ob-harakiri-inherit ob-has-background-overlay elementor-widget elementor-widget-text-editor\" data-id=\"cde4176\" data-element_type=\"widget\" data-e-type=\"widget\" data-settings=\"{&quot;_ob_use_harakiri&quot;:&quot;yes&quot;,&quot;_ob_harakiri_writing_mode&quot;:&quot;inherit&quot;,&quot;_ob_postman_use&quot;:&quot;no&quot;,&quot;_ob_widget_stalker_use&quot;:&quot;no&quot;,&quot;_ob_poopart_use&quot;:&quot;yes&quot;,&quot;_ob_shadough_use&quot;:&quot;no&quot;,&quot;_ob_allow_hoveranimator&quot;:&quot;no&quot;}\" data-widget_type=\"text-editor.default\">\n\t\t\t\t<div class=\"elementor-widget-container\">\n\t\t\t\t\t\t\t\t\t<h3>Morgenmad<\/h3><p style=\"text-align: left;\">Mandag &#8211; L\u00f8rdag 06:30-10:00 <\/p><p style=\"text-align: left;\">S\u00f8ndage &amp; helligdage 06:30-10:30<\/p><p><a href=\"https:\/\/thelodge.dk\/da\/morgenmad\/\">Klik her<\/a> for at l\u00e6se mere om vores morgenmadsfilosofi.<\/p>\t\t\t\t\t\t\t\t<\/div>\n\t\t\t\t<\/div>\n\t\t\t\t<div class=\"elementor-element elementor-element-e1dae16 ob-harakiri-inherit ob-has-background-overlay elementor-widget elementor-widget-text-editor\" data-id=\"e1dae16\" data-element_type=\"widget\" data-e-type=\"widget\" data-settings=\"{&quot;_ob_use_harakiri&quot;:&quot;yes&quot;,&quot;_ob_harakiri_writing_mode&quot;:&quot;inherit&quot;,&quot;_ob_postman_use&quot;:&quot;no&quot;,&quot;_ob_widget_stalker_use&quot;:&quot;no&quot;,&quot;_ob_poopart_use&quot;:&quot;yes&quot;,&quot;_ob_shadough_use&quot;:&quot;no&quot;,&quot;_ob_allow_hoveranimator&quot;:&quot;no&quot;}\" data-widget_type=\"text-editor.default\">\n\t\t\t\t<div class=\"elementor-widget-container\">\n\t\t\t\t\t\t\t\t\t<h3>Frokost &amp; middag<\/h3><div>I forbindelse med <a href=\"https:\/\/thelodge.dk\/da\/moeder-og-events\/\">m\u00f8der<\/a>.<\/div><div> <\/div><div>Bes\u00f8g <a href=\"https:\/\/thelodge.dk\/da\/the-leaf-deli\/\">The Leaf Deli for l\u00e6kre take-away m\u00e5ltider<\/a>, omhyggeligt tilberedt af vores kokke.<\/div>\t\t\t\t\t\t\t\t<\/div>\n\t\t\t\t<\/div>\n\t\t\t\t<div class=\"elementor-element elementor-element-00c75a4 ob-harakiri-inherit ob-has-background-overlay elementor-widget elementor-widget-text-editor\" data-id=\"00c75a4\" data-element_type=\"widget\" data-e-type=\"widget\" data-settings=\"{&quot;_ob_use_harakiri&quot;:&quot;yes&quot;,&quot;_ob_harakiri_writing_mode&quot;:&quot;inherit&quot;,&quot;_ob_postman_use&quot;:&quot;no&quot;,&quot;_ob_widget_stalker_use&quot;:&quot;no&quot;,&quot;_ob_poopart_use&quot;:&quot;yes&quot;,&quot;_ob_shadough_use&quot;:&quot;no&quot;,&quot;_ob_allow_hoveranimator&quot;:&quot;no&quot;}\" data-widget_type=\"text-editor.default\">\n\t\t\t\t<div class=\"elementor-widget-container\">\n\t\t\t\t\t\t\t\t\t<h3>Dagsarrangementer<\/h3><div>P\u00e5 foresp\u00f8rgsel.<\/div>\t\t\t\t\t\t\t\t<\/div>\n\t\t\t\t<\/div>\n\t\t\t\t<div class=\"elementor-element elementor-element-ce07cb3 ob-harakiri-inherit ob-has-background-overlay elementor-widget elementor-widget-text-editor\" data-id=\"ce07cb3\" data-element_type=\"widget\" data-e-type=\"widget\" data-settings=\"{&quot;_ob_use_harakiri&quot;:&quot;yes&quot;,&quot;_ob_harakiri_writing_mode&quot;:&quot;inherit&quot;,&quot;_ob_postman_use&quot;:&quot;no&quot;,&quot;_ob_widget_stalker_use&quot;:&quot;no&quot;,&quot;_ob_poopart_use&quot;:&quot;yes&quot;,&quot;_ob_shadough_use&quot;:&quot;no&quot;,&quot;_ob_allow_hoveranimator&quot;:&quot;no&quot;}\" data-widget_type=\"text-editor.default\">\n\t\t\t\t<div class=\"elementor-widget-container\">\n\t\t\t\t\t\t\t\t\t<h3>Kontakt<\/h3><p><a href=\"tel:+4576504435\">+45 76 50 44 35<\/a><\/p><p><a href=\"mailto:wehelp@thelodge.dk\">wehelp@theleaf.dk<\/a><\/p>\t\t\t\t\t\t\t\t<\/div>\n\t\t\t\t<\/div>\n\t\t\t\t\t<\/div>\n\t\t<\/div>\n\t\t\t\t<div class=\"elementor-column elementor-col-50 elementor-top-column elementor-element elementor-element-e0edb8e\" data-id=\"e0edb8e\" data-element_type=\"column\" data-e-type=\"column\" data-settings=\"{&quot;_ob_column_hoveranimator&quot;:&quot;no&quot;,&quot;_ob_column_has_pseudo&quot;:&quot;no&quot;}\">\n\t\t\t<div class=\"elementor-widget-wrap elementor-element-populated\">\n\t\t\t\t\t\t<div class=\"elementor-element elementor-element-9ee22ba ob-has-background-overlay elementor-widget elementor-widget-image\" data-id=\"9ee22ba\" data-element_type=\"widget\" data-e-type=\"widget\" data-settings=\"{&quot;_ob_photomorph_use&quot;:&quot;no&quot;,&quot;_ob_widget_stalker_use&quot;:&quot;no&quot;,&quot;_ob_poopart_use&quot;:&quot;yes&quot;,&quot;_ob_shadough_use&quot;:&quot;no&quot;,&quot;_ob_allow_hoveranimator&quot;:&quot;no&quot;}\" data-widget_type=\"image.default\">\n\t\t\t\t<div class=\"elementor-widget-container\">\n\t\t\t\t\t\t\t\t\t\t\t\t\t\t\t<img fetchpriority=\"high\" decoding=\"async\" width=\"800\" height=\"534\" src=\"https:\/\/thelodge.dk\/wp-content\/uploads\/2022\/06\/web_TheLodge_RAISFOTO_4296-1024x683.jpg\" class=\"attachment-large size-large wp-image-6885\" alt=\"\" srcset=\"https:\/\/thelodge.dk\/wp-content\/uploads\/2022\/06\/web_TheLodge_RAISFOTO_4296-1024x683.jpg 1024w, https:\/\/thelodge.dk\/wp-content\/uploads\/2022\/06\/web_TheLodge_RAISFOTO_4296-300x200.jpg 300w, https:\/\/thelodge.dk\/wp-content\/uploads\/2022\/06\/web_TheLodge_RAISFOTO_4296-768x512.jpg 768w, https:\/\/thelodge.dk\/wp-content\/uploads\/2022\/06\/web_TheLodge_RAISFOTO_4296-1536x1024.jpg 1536w, https:\/\/thelodge.dk\/wp-content\/uploads\/2022\/06\/web_TheLodge_RAISFOTO_4296-2048x1366.jpg 2048w\" sizes=\"(max-width: 800px) 100vw, 800px\" \/>\t\t\t\t\t\t\t\t\t\t\t\t\t\t\t<\/div>\n\t\t\t\t<\/div>\n\t\t\t\t<div class=\"elementor-element elementor-element-5241f96 ob-has-background-overlay elementor-widget elementor-widget-image\" data-id=\"5241f96\" data-element_type=\"widget\" data-e-type=\"widget\" data-settings=\"{&quot;_ob_photomorph_use&quot;:&quot;no&quot;,&quot;_ob_widget_stalker_use&quot;:&quot;no&quot;,&quot;_ob_poopart_use&quot;:&quot;yes&quot;,&quot;_ob_shadough_use&quot;:&quot;no&quot;,&quot;_ob_allow_hoveranimator&quot;:&quot;no&quot;}\" data-widget_type=\"image.default\">\n\t\t\t\t<div class=\"elementor-widget-container\">\n\t\t\t\t\t\t\t\t\t\t\t\t\t\t\t<img decoding=\"async\" width=\"800\" height=\"534\" src=\"https:\/\/thelodge.dk\/wp-content\/uploads\/2022\/06\/web_TheLodge_RAISFOTO_3348-1024x683.jpg\" class=\"attachment-large size-large wp-image-6839\" alt=\"\" srcset=\"https:\/\/thelodge.dk\/wp-content\/uploads\/2022\/06\/web_TheLodge_RAISFOTO_3348-1024x683.jpg 1024w, https:\/\/thelodge.dk\/wp-content\/uploads\/2022\/06\/web_TheLodge_RAISFOTO_3348-300x200.jpg 300w, https:\/\/thelodge.dk\/wp-content\/uploads\/2022\/06\/web_TheLodge_RAISFOTO_3348-768x512.jpg 768w, https:\/\/thelodge.dk\/wp-content\/uploads\/2022\/06\/web_TheLodge_RAISFOTO_3348-1536x1024.jpg 1536w, https:\/\/thelodge.dk\/wp-content\/uploads\/2022\/06\/web_TheLodge_RAISFOTO_3348-2048x1366.jpg 2048w\" sizes=\"(max-width: 800px) 100vw, 800px\" \/>\t\t\t\t\t\t\t\t\t\t\t\t\t\t\t<\/div>\n\t\t\t\t<\/div>\n\t\t\t\t\t<\/div>\n\t\t<\/div>\n\t\t\t\t\t<\/div>\n\t\t<\/section>\n\t\t<div class=\"elementor-element elementor-element-b669770 e-flex e-con-boxed e-con e-parent\" data-id=\"b669770\" data-element_type=\"container\" data-e-type=\"container\" data-settings=\"{&quot;_ob_use_container_extras&quot;:&quot;no&quot;,&quot;_ob_column_hoveranimator&quot;:&quot;no&quot;,&quot;_ob_glider_is_slider&quot;:&quot;no&quot;,&quot;_ob_column_has_pseudo&quot;:&quot;no&quot;}\">\n\t\t\t\t\t<div class=\"e-con-inner\">\n\t\t\t\t\t<\/div>\n\t\t\t\t<\/div>\n\t\t\t\t<\/div>\n\t\t","protected":false},"excerpt":{"rendered":"<p>Velkommen til The Leaf I hjertet af The Lodge finder du vores restaurant, The Leaf. Her serverer vi byens bedste morgenmad samt inspirerende frokoster til dit m\u00f8de. Morgenmad Mandag &#8211; L\u00f8rdag 06:30-10:00 S\u00f8ndage &amp; helligdage 06:30-10:30 Klik her for at l\u00e6se mere om vores morgenmadsfilosofi. Frokost &amp; middag I forbindelse med m\u00f8der. Bes\u00f8g The Leaf [&hellip;]<\/p>\n","protected":false},"author":4,"featured_media":0,"parent":0,"menu_order":11,"comment_status":"closed","ping_status":"closed","template":"","meta":{"_acf_changed":false,"footnotes":""},"class_list":["post-7830","page","type-page","status-publish","hentry"],"acf":[],"yoast_head":"<!-- This site is optimized with the Yoast SEO plugin v27.3 - https:\/\/yoast.com\/product\/yoast-seo-wordpress\/ -->\n<title>The Leaf Restaurant p\u00e5 The Lodge<\/title>\n<meta name=\"description\" content=\"Bes\u00f8g vores restaurant The Leaf p\u00e5 The Lodge. Her serverer vi byens bedste morgenmad samt inspirerende frokoster til dit m\u00f8de.\" \/>\n<meta name=\"robots\" content=\"index, follow, max-snippet:-1, max-image-preview:large, max-video-preview:-1\" \/>\n<link rel=\"canonical\" href=\"https:\/\/thelodge.dk\/da\/the-leaf-restaurant\/\" \/>\n<meta property=\"og:locale\" content=\"da_DK\" \/>\n<meta property=\"og:type\" content=\"article\" \/>\n<meta property=\"og:title\" content=\"The Leaf Restaurant p\u00e5 The Lodge\" \/>\n<meta property=\"og:description\" content=\"Bes\u00f8g vores restaurant The Leaf p\u00e5 The Lodge. Her serverer vi byens bedste morgenmad samt inspirerende frokoster til dit m\u00f8de.\" \/>\n<meta property=\"og:url\" content=\"https:\/\/thelodge.dk\/da\/the-leaf-restaurant\/\" \/>\n<meta property=\"og:site_name\" content=\"The Lodge\" \/>\n<meta property=\"article:modified_time\" content=\"2026-01-13T09:36:12+00:00\" \/>\n<meta property=\"og:image\" content=\"https:\/\/thelodge.dk\/wp-content\/uploads\/2022\/06\/web_TheLodge_RAISFOTO_4296.jpg\" \/>\n\t<meta property=\"og:image:width\" content=\"2200\" \/>\n\t<meta property=\"og:image:height\" content=\"1467\" \/>\n\t<meta property=\"og:image:type\" content=\"image\/jpeg\" \/>\n<meta name=\"twitter:card\" content=\"summary_large_image\" \/>\n<script type=\"application\/ld+json\" class=\"yoast-schema-graph\">{\"@context\":\"https:\\\/\\\/schema.org\",\"@graph\":[{\"@type\":\"WebPage\",\"@id\":\"https:\\\/\\\/thelodge.dk\\\/da\\\/the-leaf-restaurant\\\/\",\"url\":\"https:\\\/\\\/thelodge.dk\\\/da\\\/the-leaf-restaurant\\\/\",\"name\":\"The Leaf Restaurant p\u00e5 The Lodge\",\"isPartOf\":{\"@id\":\"https:\\\/\\\/thelodge.dk\\\/da\\\/#website\"},\"primaryImageOfPage\":{\"@id\":\"https:\\\/\\\/thelodge.dk\\\/da\\\/the-leaf-restaurant\\\/#primaryimage\"},\"image\":{\"@id\":\"https:\\\/\\\/thelodge.dk\\\/da\\\/the-leaf-restaurant\\\/#primaryimage\"},\"thumbnailUrl\":\"https:\\\/\\\/thelodge.dk\\\/wp-content\\\/uploads\\\/2022\\\/06\\\/web_TheLodge_RAISFOTO_4296-1024x683.jpg\",\"datePublished\":\"2022-02-24T15:14:29+00:00\",\"dateModified\":\"2026-01-13T09:36:12+00:00\",\"description\":\"Bes\u00f8g vores restaurant The Leaf p\u00e5 The Lodge. Her serverer vi byens bedste morgenmad samt inspirerende frokoster til dit m\u00f8de.\",\"breadcrumb\":{\"@id\":\"https:\\\/\\\/thelodge.dk\\\/da\\\/the-leaf-restaurant\\\/#breadcrumb\"},\"inLanguage\":\"da-DK\",\"potentialAction\":[{\"@type\":\"ReadAction\",\"target\":[\"https:\\\/\\\/thelodge.dk\\\/da\\\/the-leaf-restaurant\\\/\"]}]},{\"@type\":\"ImageObject\",\"inLanguage\":\"da-DK\",\"@id\":\"https:\\\/\\\/thelodge.dk\\\/da\\\/the-leaf-restaurant\\\/#primaryimage\",\"url\":\"https:\\\/\\\/thelodge.dk\\\/wp-content\\\/uploads\\\/2022\\\/06\\\/web_TheLodge_RAISFOTO_4296-1024x683.jpg\",\"contentUrl\":\"https:\\\/\\\/thelodge.dk\\\/wp-content\\\/uploads\\\/2022\\\/06\\\/web_TheLodge_RAISFOTO_4296-1024x683.jpg\"},{\"@type\":\"BreadcrumbList\",\"@id\":\"https:\\\/\\\/thelodge.dk\\\/da\\\/the-leaf-restaurant\\\/#breadcrumb\",\"itemListElement\":[{\"@type\":\"ListItem\",\"position\":1,\"name\":\"Hjem\",\"item\":\"https:\\\/\\\/thelodge.dk\\\/da\\\/forside\\\/\"},{\"@type\":\"ListItem\",\"position\":2,\"name\":\"The Leaf Restaurant\"}]},{\"@type\":\"WebSite\",\"@id\":\"https:\\\/\\\/thelodge.dk\\\/da\\\/#website\",\"url\":\"https:\\\/\\\/thelodge.dk\\\/da\\\/\",\"name\":\"The Lodge\",\"description\":\"Billund\",\"publisher\":{\"@id\":\"https:\\\/\\\/thelodge.dk\\\/da\\\/#organization\"},\"potentialAction\":[{\"@type\":\"SearchAction\",\"target\":{\"@type\":\"EntryPoint\",\"urlTemplate\":\"https:\\\/\\\/thelodge.dk\\\/da\\\/?s={search_term_string}\"},\"query-input\":{\"@type\":\"PropertyValueSpecification\",\"valueRequired\":true,\"valueName\":\"search_term_string\"}}],\"inLanguage\":\"da-DK\"},{\"@type\":\"Organization\",\"@id\":\"https:\\\/\\\/thelodge.dk\\\/da\\\/#organization\",\"name\":\"The Lodge Billund\",\"url\":\"https:\\\/\\\/thelodge.dk\\\/da\\\/\",\"logo\":{\"@type\":\"ImageObject\",\"inLanguage\":\"da-DK\",\"@id\":\"https:\\\/\\\/thelodge.dk\\\/da\\\/#\\\/schema\\\/logo\\\/image\\\/\",\"url\":\"https:\\\/\\\/thelodge.dk\\\/wp-content\\\/uploads\\\/2020\\\/10\\\/rgb_119_145_138.svg\",\"contentUrl\":\"https:\\\/\\\/thelodge.dk\\\/wp-content\\\/uploads\\\/2020\\\/10\\\/rgb_119_145_138.svg\",\"width\":565,\"height\":259,\"caption\":\"The Lodge Billund\"},\"image\":{\"@id\":\"https:\\\/\\\/thelodge.dk\\\/da\\\/#\\\/schema\\\/logo\\\/image\\\/\"}}]}<\/script>\n<!-- \/ Yoast SEO plugin. -->","yoast_head_json":{"title":"The Leaf Restaurant p\u00e5 The Lodge","description":"Bes\u00f8g vores restaurant The Leaf p\u00e5 The Lodge. Her serverer vi byens bedste morgenmad samt inspirerende frokoster til dit m\u00f8de.","robots":{"index":"index","follow":"follow","max-snippet":"max-snippet:-1","max-image-preview":"max-image-preview:large","max-video-preview":"max-video-preview:-1"},"canonical":"https:\/\/thelodge.dk\/da\/the-leaf-restaurant\/","og_locale":"da_DK","og_type":"article","og_title":"The Leaf Restaurant p\u00e5 The Lodge","og_description":"Bes\u00f8g vores restaurant The Leaf p\u00e5 The Lodge. Her serverer vi byens bedste morgenmad samt inspirerende frokoster til dit m\u00f8de.","og_url":"https:\/\/thelodge.dk\/da\/the-leaf-restaurant\/","og_site_name":"The Lodge","article_modified_time":"2026-01-13T09:36:12+00:00","og_image":[{"width":2200,"height":1467,"url":"https:\/\/thelodge.dk\/wp-content\/uploads\/2022\/06\/web_TheLodge_RAISFOTO_4296.jpg","type":"image\/jpeg"}],"twitter_card":"summary_large_image","schema":{"@context":"https:\/\/schema.org","@graph":[{"@type":"WebPage","@id":"https:\/\/thelodge.dk\/da\/the-leaf-restaurant\/","url":"https:\/\/thelodge.dk\/da\/the-leaf-restaurant\/","name":"The Leaf Restaurant p\u00e5 The Lodge","isPartOf":{"@id":"https:\/\/thelodge.dk\/da\/#website"},"primaryImageOfPage":{"@id":"https:\/\/thelodge.dk\/da\/the-leaf-restaurant\/#primaryimage"},"image":{"@id":"https:\/\/thelodge.dk\/da\/the-leaf-restaurant\/#primaryimage"},"thumbnailUrl":"https:\/\/thelodge.dk\/wp-content\/uploads\/2022\/06\/web_TheLodge_RAISFOTO_4296-1024x683.jpg","datePublished":"2022-02-24T15:14:29+00:00","dateModified":"2026-01-13T09:36:12+00:00","description":"Bes\u00f8g vores restaurant The Leaf p\u00e5 The Lodge. Her serverer vi byens bedste morgenmad samt inspirerende frokoster til dit m\u00f8de.","breadcrumb":{"@id":"https:\/\/thelodge.dk\/da\/the-leaf-restaurant\/#breadcrumb"},"inLanguage":"da-DK","potentialAction":[{"@type":"ReadAction","target":["https:\/\/thelodge.dk\/da\/the-leaf-restaurant\/"]}]},{"@type":"ImageObject","inLanguage":"da-DK","@id":"https:\/\/thelodge.dk\/da\/the-leaf-restaurant\/#primaryimage","url":"https:\/\/thelodge.dk\/wp-content\/uploads\/2022\/06\/web_TheLodge_RAISFOTO_4296-1024x683.jpg","contentUrl":"https:\/\/thelodge.dk\/wp-content\/uploads\/2022\/06\/web_TheLodge_RAISFOTO_4296-1024x683.jpg"},{"@type":"BreadcrumbList","@id":"https:\/\/thelodge.dk\/da\/the-leaf-restaurant\/#breadcrumb","itemListElement":[{"@type":"ListItem","position":1,"name":"Hjem","item":"https:\/\/thelodge.dk\/da\/forside\/"},{"@type":"ListItem","position":2,"name":"The Leaf Restaurant"}]},{"@type":"WebSite","@id":"https:\/\/thelodge.dk\/da\/#website","url":"https:\/\/thelodge.dk\/da\/","name":"The Lodge","description":"Billund","publisher":{"@id":"https:\/\/thelodge.dk\/da\/#organization"},"potentialAction":[{"@type":"SearchAction","target":{"@type":"EntryPoint","urlTemplate":"https:\/\/thelodge.dk\/da\/?s={search_term_string}"},"query-input":{"@type":"PropertyValueSpecification","valueRequired":true,"valueName":"search_term_string"}}],"inLanguage":"da-DK"},{"@type":"Organization","@id":"https:\/\/thelodge.dk\/da\/#organization","name":"The Lodge Billund","url":"https:\/\/thelodge.dk\/da\/","logo":{"@type":"ImageObject","inLanguage":"da-DK","@id":"https:\/\/thelodge.dk\/da\/#\/schema\/logo\/image\/","url":"https:\/\/thelodge.dk\/wp-content\/uploads\/2020\/10\/rgb_119_145_138.svg","contentUrl":"https:\/\/thelodge.dk\/wp-content\/uploads\/2020\/10\/rgb_119_145_138.svg","width":565,"height":259,"caption":"The Lodge Billund"},"image":{"@id":"https:\/\/thelodge.dk\/da\/#\/schema\/logo\/image\/"}}]}},"_links":{"self":[{"href":"https:\/\/thelodge.dk\/da\/wp-json\/wp\/v2\/pages\/7830","targetHints":{"allow":["GET"]}}],"collection":[{"href":"https:\/\/thelodge.dk\/da\/wp-json\/wp\/v2\/pages"}],"about":[{"href":"https:\/\/thelodge.dk\/da\/wp-json\/wp\/v2\/types\/page"}],"author":[{"embeddable":true,"href":"https:\/\/thelodge.dk\/da\/wp-json\/wp\/v2\/users\/4"}],"replies":[{"embeddable":true,"href":"https:\/\/thelodge.dk\/da\/wp-json\/wp\/v2\/comments?post=7830"}],"version-history":[{"count":3,"href":"https:\/\/thelodge.dk\/da\/wp-json\/wp\/v2\/pages\/7830\/revisions"}],"predecessor-version":[{"id":7885,"href":"https:\/\/thelodge.dk\/da\/wp-json\/wp\/v2\/pages\/7830\/revisions\/7885"}],"wp:attachment":[{"href":"https:\/\/thelodge.dk\/da\/wp-json\/wp\/v2\/media?parent=7830"}],"curies":[{"name":"wp","href":"https:\/\/api.w.org\/{rel}","templated":true}]}}