{"id":7818,"date":"2023-03-29T14:43:38","date_gmt":"2023-03-29T14:43:38","guid":{"rendered":"https:\/\/thelodge.dk\/gym-below\/"},"modified":"2026-01-12T13:12:56","modified_gmt":"2026-01-12T13:12:56","slug":"gym-below","status":"publish","type":"page","link":"https:\/\/thelodge.dk\/da\/gym-below\/","title":{"rendered":"Gym Below"},"content":{"rendered":"\t\t<div data-elementor-type=\"wp-page\" data-elementor-id=\"7818\" class=\"elementor elementor-7818 elementor-3931\" data-elementor-post-type=\"page\">\n\t\t\t\t\t\t<section class=\"elementor-section elementor-top-section elementor-element elementor-element-e5fbd2f elementor-section-boxed elementor-section-height-default elementor-section-height-default\" data-id=\"e5fbd2f\" data-element_type=\"section\" data-e-type=\"section\" data-settings=\"{&quot;_ob_glider_is_slider&quot;:&quot;no&quot;}\">\n\t\t\t\t\t\t<div class=\"elementor-container elementor-column-gap-default\">\n\t\t\t\t\t<div class=\"elementor-column elementor-col-100 elementor-top-column elementor-element elementor-element-c345e93\" data-id=\"c345e93\" data-element_type=\"column\" data-e-type=\"column\" data-settings=\"{&quot;_ob_column_hoveranimator&quot;:&quot;no&quot;,&quot;_ob_column_has_pseudo&quot;:&quot;no&quot;}\">\n\t\t\t<div class=\"elementor-widget-wrap elementor-element-populated\">\n\t\t\t\t\t\t<div class=\"elementor-element elementor-element-39f3a1d ob-has-background-overlay elementor-widget elementor-widget-spacer\" data-id=\"39f3a1d\" data-element_type=\"widget\" data-e-type=\"widget\" data-settings=\"{&quot;_ob_spacerat_use&quot;:&quot;no&quot;,&quot;_ob_widget_stalker_use&quot;:&quot;no&quot;,&quot;_ob_poopart_use&quot;:&quot;yes&quot;,&quot;_ob_shadough_use&quot;:&quot;no&quot;,&quot;_ob_allow_hoveranimator&quot;:&quot;no&quot;}\" data-widget_type=\"spacer.default\">\n\t\t\t\t<div class=\"elementor-widget-container\">\n\t\t\t\t\t\t\t<div class=\"elementor-spacer\">\n\t\t\t<div class=\"elementor-spacer-inner\"><\/div>\n\t\t<\/div>\n\t\t\t\t\t\t<\/div>\n\t\t\t\t<\/div>\n\t\t\t\t\t<\/div>\n\t\t<\/div>\n\t\t\t\t\t<\/div>\n\t\t<\/section>\n\t\t\t\t<section class=\"elementor-section elementor-top-section elementor-element elementor-element-39c1408 elementor-section-boxed elementor-section-height-default elementor-section-height-default\" data-id=\"39c1408\" data-element_type=\"section\" data-e-type=\"section\" data-settings=\"{&quot;_ob_glider_is_slider&quot;:&quot;no&quot;}\">\n\t\t\t\t\t\t<div class=\"elementor-container elementor-column-gap-default\">\n\t\t\t\t\t<div class=\"elementor-column elementor-col-50 elementor-top-column elementor-element elementor-element-6f04db3\" data-id=\"6f04db3\" data-element_type=\"column\" data-e-type=\"column\" data-settings=\"{&quot;_ob_column_hoveranimator&quot;:&quot;no&quot;,&quot;_ob_column_has_pseudo&quot;:&quot;no&quot;}\">\n\t\t\t<div class=\"elementor-widget-wrap elementor-element-populated\">\n\t\t\t\t\t\t<div class=\"elementor-element elementor-element-8f0eeca ob-harakiri-inherit ob-has-background-overlay elementor-widget elementor-widget-heading\" data-id=\"8f0eeca\" data-element_type=\"widget\" data-e-type=\"widget\" data-settings=\"{&quot;_ob_use_harakiri&quot;:&quot;yes&quot;,&quot;_ob_harakiri_writing_mode&quot;:&quot;inherit&quot;,&quot;_ob_harakiri_text_clip&quot;:&quot;none&quot;,&quot;_ob_widget_stalker_use&quot;:&quot;no&quot;,&quot;_ob_poopart_use&quot;:&quot;yes&quot;,&quot;_ob_shadough_use&quot;:&quot;no&quot;,&quot;_ob_allow_hoveranimator&quot;:&quot;no&quot;}\" data-widget_type=\"heading.default\">\n\t\t\t\t<div class=\"elementor-widget-container\">\n\t\t\t\t\t<h2 class=\"elementor-heading-title elementor-size-default\">Gym Below<\/h2>\t\t\t\t<\/div>\n\t\t\t\t<\/div>\n\t\t\t\t<div class=\"elementor-element elementor-element-a0c47df ob-harakiri-inherit ob-has-background-overlay elementor-widget elementor-widget-text-editor\" data-id=\"a0c47df\" data-element_type=\"widget\" data-e-type=\"widget\" data-settings=\"{&quot;_ob_use_harakiri&quot;:&quot;yes&quot;,&quot;_ob_harakiri_writing_mode&quot;:&quot;inherit&quot;,&quot;_ob_postman_use&quot;:&quot;no&quot;,&quot;_ob_widget_stalker_use&quot;:&quot;no&quot;,&quot;_ob_poopart_use&quot;:&quot;yes&quot;,&quot;_ob_shadough_use&quot;:&quot;no&quot;,&quot;_ob_allow_hoveranimator&quot;:&quot;no&quot;}\" data-widget_type=\"text-editor.default\">\n\t\t\t\t<div class=\"elementor-widget-container\">\n\t\t\t\t\t\t\t\t\t<p>Som g\u00e6st p\u00e5 The Lodge Billund f\u00e5r du gratis adgang til vores nyrenoverede fitnesscenter. Nede ved restauranten finder du alt, hvad dit fitnesshjerte beg\u00e6rer.<\/p><p>Nyd vores eksklusive maskiner og udstyr fra WaterRower, og scan QR-koderne p\u00e5 v\u00e6ggen for at f\u00e5 guidede tr\u00e6ningsprogrammer direkte p\u00e5 din telefon.<\/p><p> <\/p><h3>\u00c5bningstider<\/h3><p>8.00 til 22.00.<\/p>\t\t\t\t\t\t\t\t<\/div>\n\t\t\t\t<\/div>\n\t\t\t\t\t<\/div>\n\t\t<\/div>\n\t\t\t\t<div class=\"elementor-column elementor-col-50 elementor-top-column elementor-element elementor-element-55de5ff\" data-id=\"55de5ff\" data-element_type=\"column\" data-e-type=\"column\" data-settings=\"{&quot;_ob_column_hoveranimator&quot;:&quot;no&quot;,&quot;_ob_column_has_pseudo&quot;:&quot;no&quot;}\">\n\t\t\t<div class=\"elementor-widget-wrap elementor-element-populated\">\n\t\t\t\t\t\t<div class=\"elementor-element elementor-element-657d4b7 ob-has-background-overlay elementor-widget elementor-widget-image\" data-id=\"657d4b7\" data-element_type=\"widget\" data-e-type=\"widget\" data-settings=\"{&quot;_ob_photomorph_use&quot;:&quot;no&quot;,&quot;_ob_widget_stalker_use&quot;:&quot;no&quot;,&quot;_ob_poopart_use&quot;:&quot;yes&quot;,&quot;_ob_shadough_use&quot;:&quot;no&quot;,&quot;_ob_allow_hoveranimator&quot;:&quot;no&quot;}\" data-widget_type=\"image.default\">\n\t\t\t\t<div class=\"elementor-widget-container\">\n\t\t\t\t\t\t\t\t\t\t\t\t\t\t\t<img fetchpriority=\"high\" decoding=\"async\" width=\"800\" height=\"534\" src=\"https:\/\/thelodge.dk\/wp-content\/uploads\/2023\/03\/web_TheLodge_RAISFOTO_8464-1024x683.jpg\" class=\"attachment-large size-large wp-image-6948\" alt=\"Read more about out Gym Below.\" srcset=\"https:\/\/thelodge.dk\/wp-content\/uploads\/2023\/03\/web_TheLodge_RAISFOTO_8464-1024x683.jpg 1024w, https:\/\/thelodge.dk\/wp-content\/uploads\/2023\/03\/web_TheLodge_RAISFOTO_8464-300x200.jpg 300w, https:\/\/thelodge.dk\/wp-content\/uploads\/2023\/03\/web_TheLodge_RAISFOTO_8464-768x512.jpg 768w, https:\/\/thelodge.dk\/wp-content\/uploads\/2023\/03\/web_TheLodge_RAISFOTO_8464-1536x1024.jpg 1536w, https:\/\/thelodge.dk\/wp-content\/uploads\/2023\/03\/web_TheLodge_RAISFOTO_8464-2048x1366.jpg 2048w\" sizes=\"(max-width: 800px) 100vw, 800px\" \/>\t\t\t\t\t\t\t\t\t\t\t\t\t\t\t<\/div>\n\t\t\t\t<\/div>\n\t\t\t\t\t<\/div>\n\t\t<\/div>\n\t\t\t\t\t<\/div>\n\t\t<\/section>\n\t\t\t\t<section class=\"elementor-section elementor-top-section elementor-element elementor-element-139c0b6 elementor-section-boxed elementor-section-height-default elementor-section-height-default\" data-id=\"139c0b6\" data-element_type=\"section\" data-e-type=\"section\" data-settings=\"{&quot;_ob_glider_is_slider&quot;:&quot;no&quot;}\">\n\t\t\t\t\t\t<div class=\"elementor-container elementor-column-gap-default\">\n\t\t\t\t\t<div class=\"elementor-column elementor-col-100 elementor-top-column elementor-element elementor-element-98c3bf1\" data-id=\"98c3bf1\" data-element_type=\"column\" data-e-type=\"column\" data-settings=\"{&quot;_ob_column_hoveranimator&quot;:&quot;no&quot;,&quot;_ob_column_has_pseudo&quot;:&quot;no&quot;}\">\n\t\t\t<div class=\"elementor-widget-wrap elementor-element-populated\">\n\t\t\t\t\t\t<div class=\"elementor-element elementor-element-56d6a24 ob-has-background-overlay elementor-widget elementor-widget-gallery\" data-id=\"56d6a24\" data-element_type=\"widget\" data-e-type=\"widget\" data-settings=\"{&quot;columns&quot;:3,&quot;lazyload&quot;:&quot;yes&quot;,&quot;gallery_layout&quot;:&quot;grid&quot;,&quot;columns_tablet&quot;:2,&quot;columns_mobile&quot;:1,&quot;gap&quot;:{&quot;unit&quot;:&quot;px&quot;,&quot;size&quot;:10,&quot;sizes&quot;:[]},&quot;gap_tablet&quot;:{&quot;unit&quot;:&quot;px&quot;,&quot;size&quot;:10,&quot;sizes&quot;:[]},&quot;gap_mobile&quot;:{&quot;unit&quot;:&quot;px&quot;,&quot;size&quot;:10,&quot;sizes&quot;:[]},&quot;aspect_ratio&quot;:&quot;3:2&quot;,&quot;overlay_background&quot;:&quot;yes&quot;,&quot;content_hover_animation&quot;:&quot;fade-in&quot;,&quot;_ob_widget_stalker_use&quot;:&quot;no&quot;,&quot;_ob_poopart_use&quot;:&quot;yes&quot;,&quot;_ob_shadough_use&quot;:&quot;no&quot;,&quot;_ob_allow_hoveranimator&quot;:&quot;no&quot;}\" data-widget_type=\"gallery.default\">\n\t\t\t\t<div class=\"elementor-widget-container\">\n\t\t\t\t\t\t\t<div class=\"elementor-gallery__container\">\n\t\t\t\t\t\t\t<div class=\"e-gallery-item elementor-gallery-item elementor-animated-content\">\n\t\t\t\t\t<div class=\"e-gallery-image elementor-gallery-item__image\" data-thumbnail=\"https:\/\/thelodge.dk\/wp-content\/uploads\/2023\/03\/web_TheLodge_RAISFOTO_8503-300x200.jpg\" data-width=\"300\" data-height=\"200\" aria-label=\"\" role=\"img\" ><\/div>\n\t\t\t\t\t\t\t\t\t\t\t<div class=\"elementor-gallery-item__overlay\"><\/div>\n\t\t\t\t\t\t\t\t\t\t\t\t\t\t<\/div>\n\t\t\t\t\t\t\t<div class=\"e-gallery-item elementor-gallery-item elementor-animated-content\">\n\t\t\t\t\t<div class=\"e-gallery-image elementor-gallery-item__image\" data-thumbnail=\"https:\/\/thelodge.dk\/wp-content\/uploads\/2023\/03\/web_TheLodge_RAISFOTO_8498-300x200.jpg\" data-width=\"300\" data-height=\"200\" aria-label=\"\" role=\"img\" ><\/div>\n\t\t\t\t\t\t\t\t\t\t\t<div class=\"elementor-gallery-item__overlay\"><\/div>\n\t\t\t\t\t\t\t\t\t\t\t\t\t\t<\/div>\n\t\t\t\t\t\t\t<div class=\"e-gallery-item elementor-gallery-item elementor-animated-content\">\n\t\t\t\t\t<div class=\"e-gallery-image elementor-gallery-item__image\" data-thumbnail=\"https:\/\/thelodge.dk\/wp-content\/uploads\/2023\/03\/web_TheLodge_RAISFOTO_8486-300x200.jpg\" data-width=\"300\" data-height=\"200\" aria-label=\"\" role=\"img\" ><\/div>\n\t\t\t\t\t\t\t\t\t\t\t<div class=\"elementor-gallery-item__overlay\"><\/div>\n\t\t\t\t\t\t\t\t\t\t\t\t\t\t<\/div>\n\t\t\t\t\t\t\t<div class=\"e-gallery-item elementor-gallery-item elementor-animated-content\">\n\t\t\t\t\t<div class=\"e-gallery-image elementor-gallery-item__image\" data-thumbnail=\"https:\/\/thelodge.dk\/wp-content\/uploads\/2023\/03\/web_TheLodge_RAISFOTO_8475-300x200.jpg\" data-width=\"300\" data-height=\"200\" aria-label=\"\" role=\"img\" ><\/div>\n\t\t\t\t\t\t\t\t\t\t\t<div class=\"elementor-gallery-item__overlay\"><\/div>\n\t\t\t\t\t\t\t\t\t\t\t\t\t\t<\/div>\n\t\t\t\t\t\t\t<div class=\"e-gallery-item elementor-gallery-item elementor-animated-content\">\n\t\t\t\t\t<div class=\"e-gallery-image elementor-gallery-item__image\" data-thumbnail=\"https:\/\/thelodge.dk\/wp-content\/uploads\/2023\/03\/web_TheLodge_RAISFOTO_8470-300x200.jpg\" data-width=\"300\" data-height=\"200\" aria-label=\"\" role=\"img\" ><\/div>\n\t\t\t\t\t\t\t\t\t\t\t<div class=\"elementor-gallery-item__overlay\"><\/div>\n\t\t\t\t\t\t\t\t\t\t\t\t\t\t<\/div>\n\t\t\t\t\t\t\t<div class=\"e-gallery-item elementor-gallery-item elementor-animated-content\">\n\t\t\t\t\t<div class=\"e-gallery-image elementor-gallery-item__image\" data-thumbnail=\"https:\/\/thelodge.dk\/wp-content\/uploads\/2023\/03\/web_TheLodge_RAISFOTO_8466-300x200.jpg\" data-width=\"300\" data-height=\"200\" aria-label=\"\" role=\"img\" ><\/div>\n\t\t\t\t\t\t\t\t\t\t\t<div class=\"elementor-gallery-item__overlay\"><\/div>\n\t\t\t\t\t\t\t\t\t\t\t\t\t\t<\/div>\n\t\t\t\t\t\t\t<div class=\"e-gallery-item elementor-gallery-item elementor-animated-content\">\n\t\t\t\t\t<div class=\"e-gallery-image elementor-gallery-item__image\" data-thumbnail=\"https:\/\/thelodge.dk\/wp-content\/uploads\/2023\/03\/web_TheLodge_RAISFOTO_8460-300x200.jpg\" data-width=\"300\" data-height=\"200\" aria-label=\"\" role=\"img\" ><\/div>\n\t\t\t\t\t\t\t\t\t\t\t<div class=\"elementor-gallery-item__overlay\"><\/div>\n\t\t\t\t\t\t\t\t\t\t\t\t\t\t<\/div>\n\t\t\t\t\t\t\t<div class=\"e-gallery-item elementor-gallery-item elementor-animated-content\">\n\t\t\t\t\t<div class=\"e-gallery-image elementor-gallery-item__image\" data-thumbnail=\"https:\/\/thelodge.dk\/wp-content\/uploads\/2023\/03\/web_TheLodge_RAISFOTO_8458-300x200.jpg\" data-width=\"300\" data-height=\"200\" aria-label=\"\" role=\"img\" ><\/div>\n\t\t\t\t\t\t\t\t\t\t\t<div class=\"elementor-gallery-item__overlay\"><\/div>\n\t\t\t\t\t\t\t\t\t\t\t\t\t\t<\/div>\n\t\t\t\t\t\t\t<div class=\"e-gallery-item elementor-gallery-item elementor-animated-content\">\n\t\t\t\t\t<div class=\"e-gallery-image elementor-gallery-item__image\" data-thumbnail=\"https:\/\/thelodge.dk\/wp-content\/uploads\/2023\/03\/web_TheLodge_RAISFOTO_8508-300x200.jpg\" data-width=\"300\" data-height=\"200\" aria-label=\"\" role=\"img\" ><\/div>\n\t\t\t\t\t\t\t\t\t\t\t<div class=\"elementor-gallery-item__overlay\"><\/div>\n\t\t\t\t\t\t\t\t\t\t\t\t\t\t<\/div>\n\t\t\t\t\t<\/div>\n\t\t\t\t\t<\/div>\n\t\t\t\t<\/div>\n\t\t\t\t\t<\/div>\n\t\t<\/div>\n\t\t\t\t\t<\/div>\n\t\t<\/section>\n\t\t\t\t<\/div>\n\t\t","protected":false},"excerpt":{"rendered":"<p>Gym Below Som g\u00e6st p\u00e5 The Lodge Billund f\u00e5r du gratis adgang til vores nyrenoverede fitnesscenter. Nede ved restauranten finder du alt, hvad dit fitnesshjerte beg\u00e6rer. Nyd vores eksklusive maskiner og udstyr fra WaterRower, og scan QR-koderne p\u00e5 v\u00e6ggen for at f\u00e5 guidede tr\u00e6ningsprogrammer direkte p\u00e5 din telefon. \u00c5bningstider 8.00 til 22.00.<\/p>\n","protected":false},"author":4,"featured_media":0,"parent":0,"menu_order":0,"comment_status":"closed","ping_status":"closed","template":"","meta":{"_acf_changed":false,"footnotes":""},"class_list":["post-7818","page","type-page","status-publish","hentry"],"acf":[],"yoast_head":"<!-- This site is optimized with the Yoast SEO plugin v27.3 - https:\/\/yoast.com\/product\/yoast-seo-wordpress\/ -->\n<title>Gym Below at The Lodge<\/title>\n<meta name=\"description\" content=\"Bes\u00f8g vores fitnesscenter, Gym Below. Nyd vores eksklusive maskiner og udstyr fra WaterRower, og f\u00e5 guidede tr\u00e6ningsprogrammer direkte p\u00e5 din telefon.\" \/>\n<meta name=\"robots\" content=\"index, follow, max-snippet:-1, max-image-preview:large, max-video-preview:-1\" \/>\n<link rel=\"canonical\" href=\"https:\/\/thelodge.dk\/da\/gym-below\/\" \/>\n<meta property=\"og:locale\" content=\"da_DK\" \/>\n<meta property=\"og:type\" content=\"article\" \/>\n<meta property=\"og:title\" content=\"Gym Below at The Lodge\" \/>\n<meta property=\"og:description\" content=\"Bes\u00f8g vores fitnesscenter, Gym Below. Nyd vores eksklusive maskiner og udstyr fra WaterRower, og f\u00e5 guidede tr\u00e6ningsprogrammer direkte p\u00e5 din telefon.\" \/>\n<meta property=\"og:url\" content=\"https:\/\/thelodge.dk\/da\/gym-below\/\" \/>\n<meta property=\"og:site_name\" content=\"The Lodge\" \/>\n<meta property=\"article:modified_time\" content=\"2026-01-12T13:12:56+00:00\" \/>\n<meta property=\"og:image\" content=\"https:\/\/thelodge.dk\/wp-content\/uploads\/2023\/03\/web_TheLodge_RAISFOTO_8464.jpg\" \/>\n\t<meta property=\"og:image:width\" content=\"2200\" \/>\n\t<meta property=\"og:image:height\" content=\"1467\" \/>\n\t<meta property=\"og:image:type\" content=\"image\/jpeg\" \/>\n<meta name=\"twitter:card\" content=\"summary_large_image\" \/>\n<script type=\"application\/ld+json\" class=\"yoast-schema-graph\">{\"@context\":\"https:\\\/\\\/schema.org\",\"@graph\":[{\"@type\":\"WebPage\",\"@id\":\"https:\\\/\\\/thelodge.dk\\\/da\\\/gym-below\\\/\",\"url\":\"https:\\\/\\\/thelodge.dk\\\/da\\\/gym-below\\\/\",\"name\":\"Gym Below at The Lodge\",\"isPartOf\":{\"@id\":\"https:\\\/\\\/thelodge.dk\\\/da\\\/#website\"},\"primaryImageOfPage\":{\"@id\":\"https:\\\/\\\/thelodge.dk\\\/da\\\/gym-below\\\/#primaryimage\"},\"image\":{\"@id\":\"https:\\\/\\\/thelodge.dk\\\/da\\\/gym-below\\\/#primaryimage\"},\"thumbnailUrl\":\"https:\\\/\\\/thelodge.dk\\\/wp-content\\\/uploads\\\/2023\\\/03\\\/web_TheLodge_RAISFOTO_8464-1024x683.jpg\",\"datePublished\":\"2023-03-29T14:43:38+00:00\",\"dateModified\":\"2026-01-12T13:12:56+00:00\",\"description\":\"Bes\u00f8g vores fitnesscenter, Gym Below. Nyd vores eksklusive maskiner og udstyr fra WaterRower, og f\u00e5 guidede tr\u00e6ningsprogrammer direkte p\u00e5 din telefon.\",\"breadcrumb\":{\"@id\":\"https:\\\/\\\/thelodge.dk\\\/da\\\/gym-below\\\/#breadcrumb\"},\"inLanguage\":\"da-DK\",\"potentialAction\":[{\"@type\":\"ReadAction\",\"target\":[\"https:\\\/\\\/thelodge.dk\\\/da\\\/gym-below\\\/\"]}]},{\"@type\":\"ImageObject\",\"inLanguage\":\"da-DK\",\"@id\":\"https:\\\/\\\/thelodge.dk\\\/da\\\/gym-below\\\/#primaryimage\",\"url\":\"https:\\\/\\\/thelodge.dk\\\/wp-content\\\/uploads\\\/2023\\\/03\\\/web_TheLodge_RAISFOTO_8464-1024x683.jpg\",\"contentUrl\":\"https:\\\/\\\/thelodge.dk\\\/wp-content\\\/uploads\\\/2023\\\/03\\\/web_TheLodge_RAISFOTO_8464-1024x683.jpg\"},{\"@type\":\"BreadcrumbList\",\"@id\":\"https:\\\/\\\/thelodge.dk\\\/da\\\/gym-below\\\/#breadcrumb\",\"itemListElement\":[{\"@type\":\"ListItem\",\"position\":1,\"name\":\"Hjem\",\"item\":\"https:\\\/\\\/thelodge.dk\\\/da\\\/forside\\\/\"},{\"@type\":\"ListItem\",\"position\":2,\"name\":\"Gym Below\"}]},{\"@type\":\"WebSite\",\"@id\":\"https:\\\/\\\/thelodge.dk\\\/da\\\/#website\",\"url\":\"https:\\\/\\\/thelodge.dk\\\/da\\\/\",\"name\":\"The Lodge\",\"description\":\"Billund\",\"publisher\":{\"@id\":\"https:\\\/\\\/thelodge.dk\\\/da\\\/#organization\"},\"potentialAction\":[{\"@type\":\"SearchAction\",\"target\":{\"@type\":\"EntryPoint\",\"urlTemplate\":\"https:\\\/\\\/thelodge.dk\\\/da\\\/?s={search_term_string}\"},\"query-input\":{\"@type\":\"PropertyValueSpecification\",\"valueRequired\":true,\"valueName\":\"search_term_string\"}}],\"inLanguage\":\"da-DK\"},{\"@type\":\"Organization\",\"@id\":\"https:\\\/\\\/thelodge.dk\\\/da\\\/#organization\",\"name\":\"The Lodge Billund\",\"url\":\"https:\\\/\\\/thelodge.dk\\\/da\\\/\",\"logo\":{\"@type\":\"ImageObject\",\"inLanguage\":\"da-DK\",\"@id\":\"https:\\\/\\\/thelodge.dk\\\/da\\\/#\\\/schema\\\/logo\\\/image\\\/\",\"url\":\"https:\\\/\\\/thelodge.dk\\\/wp-content\\\/uploads\\\/2020\\\/10\\\/rgb_119_145_138.svg\",\"contentUrl\":\"https:\\\/\\\/thelodge.dk\\\/wp-content\\\/uploads\\\/2020\\\/10\\\/rgb_119_145_138.svg\",\"width\":565,\"height\":259,\"caption\":\"The Lodge Billund\"},\"image\":{\"@id\":\"https:\\\/\\\/thelodge.dk\\\/da\\\/#\\\/schema\\\/logo\\\/image\\\/\"}}]}<\/script>\n<!-- \/ Yoast SEO plugin. -->","yoast_head_json":{"title":"Gym Below at The Lodge","description":"Bes\u00f8g vores fitnesscenter, Gym Below. Nyd vores eksklusive maskiner og udstyr fra WaterRower, og f\u00e5 guidede tr\u00e6ningsprogrammer direkte p\u00e5 din telefon.","robots":{"index":"index","follow":"follow","max-snippet":"max-snippet:-1","max-image-preview":"max-image-preview:large","max-video-preview":"max-video-preview:-1"},"canonical":"https:\/\/thelodge.dk\/da\/gym-below\/","og_locale":"da_DK","og_type":"article","og_title":"Gym Below at The Lodge","og_description":"Bes\u00f8g vores fitnesscenter, Gym Below. Nyd vores eksklusive maskiner og udstyr fra WaterRower, og f\u00e5 guidede tr\u00e6ningsprogrammer direkte p\u00e5 din telefon.","og_url":"https:\/\/thelodge.dk\/da\/gym-below\/","og_site_name":"The Lodge","article_modified_time":"2026-01-12T13:12:56+00:00","og_image":[{"width":2200,"height":1467,"url":"https:\/\/thelodge.dk\/wp-content\/uploads\/2023\/03\/web_TheLodge_RAISFOTO_8464.jpg","type":"image\/jpeg"}],"twitter_card":"summary_large_image","schema":{"@context":"https:\/\/schema.org","@graph":[{"@type":"WebPage","@id":"https:\/\/thelodge.dk\/da\/gym-below\/","url":"https:\/\/thelodge.dk\/da\/gym-below\/","name":"Gym Below at The Lodge","isPartOf":{"@id":"https:\/\/thelodge.dk\/da\/#website"},"primaryImageOfPage":{"@id":"https:\/\/thelodge.dk\/da\/gym-below\/#primaryimage"},"image":{"@id":"https:\/\/thelodge.dk\/da\/gym-below\/#primaryimage"},"thumbnailUrl":"https:\/\/thelodge.dk\/wp-content\/uploads\/2023\/03\/web_TheLodge_RAISFOTO_8464-1024x683.jpg","datePublished":"2023-03-29T14:43:38+00:00","dateModified":"2026-01-12T13:12:56+00:00","description":"Bes\u00f8g vores fitnesscenter, Gym Below. Nyd vores eksklusive maskiner og udstyr fra WaterRower, og f\u00e5 guidede tr\u00e6ningsprogrammer direkte p\u00e5 din telefon.","breadcrumb":{"@id":"https:\/\/thelodge.dk\/da\/gym-below\/#breadcrumb"},"inLanguage":"da-DK","potentialAction":[{"@type":"ReadAction","target":["https:\/\/thelodge.dk\/da\/gym-below\/"]}]},{"@type":"ImageObject","inLanguage":"da-DK","@id":"https:\/\/thelodge.dk\/da\/gym-below\/#primaryimage","url":"https:\/\/thelodge.dk\/wp-content\/uploads\/2023\/03\/web_TheLodge_RAISFOTO_8464-1024x683.jpg","contentUrl":"https:\/\/thelodge.dk\/wp-content\/uploads\/2023\/03\/web_TheLodge_RAISFOTO_8464-1024x683.jpg"},{"@type":"BreadcrumbList","@id":"https:\/\/thelodge.dk\/da\/gym-below\/#breadcrumb","itemListElement":[{"@type":"ListItem","position":1,"name":"Hjem","item":"https:\/\/thelodge.dk\/da\/forside\/"},{"@type":"ListItem","position":2,"name":"Gym Below"}]},{"@type":"WebSite","@id":"https:\/\/thelodge.dk\/da\/#website","url":"https:\/\/thelodge.dk\/da\/","name":"The Lodge","description":"Billund","publisher":{"@id":"https:\/\/thelodge.dk\/da\/#organization"},"potentialAction":[{"@type":"SearchAction","target":{"@type":"EntryPoint","urlTemplate":"https:\/\/thelodge.dk\/da\/?s={search_term_string}"},"query-input":{"@type":"PropertyValueSpecification","valueRequired":true,"valueName":"search_term_string"}}],"inLanguage":"da-DK"},{"@type":"Organization","@id":"https:\/\/thelodge.dk\/da\/#organization","name":"The Lodge Billund","url":"https:\/\/thelodge.dk\/da\/","logo":{"@type":"ImageObject","inLanguage":"da-DK","@id":"https:\/\/thelodge.dk\/da\/#\/schema\/logo\/image\/","url":"https:\/\/thelodge.dk\/wp-content\/uploads\/2020\/10\/rgb_119_145_138.svg","contentUrl":"https:\/\/thelodge.dk\/wp-content\/uploads\/2020\/10\/rgb_119_145_138.svg","width":565,"height":259,"caption":"The Lodge Billund"},"image":{"@id":"https:\/\/thelodge.dk\/da\/#\/schema\/logo\/image\/"}}]}},"_links":{"self":[{"href":"https:\/\/thelodge.dk\/da\/wp-json\/wp\/v2\/pages\/7818","targetHints":{"allow":["GET"]}}],"collection":[{"href":"https:\/\/thelodge.dk\/da\/wp-json\/wp\/v2\/pages"}],"about":[{"href":"https:\/\/thelodge.dk\/da\/wp-json\/wp\/v2\/types\/page"}],"author":[{"embeddable":true,"href":"https:\/\/thelodge.dk\/da\/wp-json\/wp\/v2\/users\/4"}],"replies":[{"embeddable":true,"href":"https:\/\/thelodge.dk\/da\/wp-json\/wp\/v2\/comments?post=7818"}],"version-history":[{"count":2,"href":"https:\/\/thelodge.dk\/da\/wp-json\/wp\/v2\/pages\/7818\/revisions"}],"predecessor-version":[{"id":7820,"href":"https:\/\/thelodge.dk\/da\/wp-json\/wp\/v2\/pages\/7818\/revisions\/7820"}],"wp:attachment":[{"href":"https:\/\/thelodge.dk\/da\/wp-json\/wp\/v2\/media?parent=7818"}],"curies":[{"name":"wp","href":"https:\/\/api.w.org\/{rel}","templated":true}]}}