{"id":7816,"date":"2023-12-22T09:42:56","date_gmt":"2023-12-22T09:42:56","guid":{"rendered":"https:\/\/thelodge.dk\/glemte-sager\/"},"modified":"2026-01-12T14:07:41","modified_gmt":"2026-01-12T14:07:41","slug":"glemte-sager","status":"publish","type":"page","link":"https:\/\/thelodge.dk\/da\/glemte-sager\/","title":{"rendered":"Glemte sager"},"content":{"rendered":"\t\t<div data-elementor-type=\"wp-page\" data-elementor-id=\"7816\" class=\"elementor elementor-7816 elementor-4885\" data-elementor-post-type=\"page\">\n\t\t\t\t\t\t<section class=\"elementor-section elementor-top-section elementor-element elementor-element-71161855 elementor-section-boxed elementor-section-height-default elementor-section-height-default\" data-id=\"71161855\" data-element_type=\"section\" data-e-type=\"section\" data-settings=\"{&quot;_ob_glider_is_slider&quot;:&quot;no&quot;}\">\n\t\t\t\t\t\t<div class=\"elementor-container elementor-column-gap-default\">\n\t\t\t\t\t<div class=\"elementor-column elementor-col-100 elementor-top-column elementor-element elementor-element-5c63013\" data-id=\"5c63013\" data-element_type=\"column\" data-e-type=\"column\" data-settings=\"{&quot;_ob_column_hoveranimator&quot;:&quot;no&quot;,&quot;_ob_column_has_pseudo&quot;:&quot;no&quot;}\">\n\t\t\t<div class=\"elementor-widget-wrap elementor-element-populated\">\n\t\t\t\t\t\t<div class=\"elementor-element elementor-element-3fafb517 ob-has-background-overlay elementor-widget elementor-widget-spacer\" data-id=\"3fafb517\" data-element_type=\"widget\" data-e-type=\"widget\" data-settings=\"{&quot;_ob_spacerat_use&quot;:&quot;no&quot;,&quot;_ob_widget_stalker_use&quot;:&quot;no&quot;,&quot;_ob_poopart_use&quot;:&quot;yes&quot;,&quot;_ob_shadough_use&quot;:&quot;no&quot;,&quot;_ob_allow_hoveranimator&quot;:&quot;no&quot;}\" data-widget_type=\"spacer.default\">\n\t\t\t\t<div class=\"elementor-widget-container\">\n\t\t\t\t\t\t\t<div class=\"elementor-spacer\">\n\t\t\t<div class=\"elementor-spacer-inner\"><\/div>\n\t\t<\/div>\n\t\t\t\t\t\t<\/div>\n\t\t\t\t<\/div>\n\t\t\t\t<div class=\"elementor-element elementor-element-1e35c234 ob-harakiri-inherit ob-has-background-overlay elementor-widget elementor-widget-heading\" data-id=\"1e35c234\" data-element_type=\"widget\" data-e-type=\"widget\" data-settings=\"{&quot;_ob_use_harakiri&quot;:&quot;yes&quot;,&quot;_ob_harakiri_writing_mode&quot;:&quot;inherit&quot;,&quot;_ob_harakiri_text_clip&quot;:&quot;none&quot;,&quot;_ob_widget_stalker_use&quot;:&quot;no&quot;,&quot;_ob_poopart_use&quot;:&quot;yes&quot;,&quot;_ob_shadough_use&quot;:&quot;no&quot;,&quot;_ob_allow_hoveranimator&quot;:&quot;no&quot;}\" data-widget_type=\"heading.default\">\n\t\t\t\t<div class=\"elementor-widget-container\">\n\t\t\t\t\t<h2 class=\"elementor-heading-title elementor-size-default\">Glemte sager<\/h2>\t\t\t\t<\/div>\n\t\t\t\t<\/div>\n\t\t\t\t\t<\/div>\n\t\t<\/div>\n\t\t\t\t\t<\/div>\n\t\t<\/section>\n\t\t\t\t<section class=\"elementor-section elementor-top-section elementor-element elementor-element-652a87d6 elementor-section-boxed elementor-section-height-default elementor-section-height-default\" data-id=\"652a87d6\" data-element_type=\"section\" data-e-type=\"section\" data-settings=\"{&quot;_ob_glider_is_slider&quot;:&quot;no&quot;}\">\n\t\t\t\t\t\t<div class=\"elementor-container elementor-column-gap-default\">\n\t\t\t\t\t<div class=\"elementor-column elementor-col-100 elementor-top-column elementor-element elementor-element-48132cd4\" data-id=\"48132cd4\" data-element_type=\"column\" data-e-type=\"column\" data-settings=\"{&quot;_ob_column_hoveranimator&quot;:&quot;no&quot;,&quot;_ob_column_has_pseudo&quot;:&quot;no&quot;}\">\n\t\t\t<div class=\"elementor-widget-wrap elementor-element-populated\">\n\t\t\t\t\t\t<div class=\"elementor-element elementor-element-5f26a81 ob-harakiri-inherit ob-has-background-overlay elementor-widget elementor-widget-text-editor\" data-id=\"5f26a81\" data-element_type=\"widget\" data-e-type=\"widget\" data-settings=\"{&quot;_ob_use_harakiri&quot;:&quot;yes&quot;,&quot;_ob_harakiri_writing_mode&quot;:&quot;inherit&quot;,&quot;_ob_postman_use&quot;:&quot;no&quot;,&quot;_ob_widget_stalker_use&quot;:&quot;no&quot;,&quot;_ob_poopart_use&quot;:&quot;yes&quot;,&quot;_ob_shadough_use&quot;:&quot;no&quot;,&quot;_ob_allow_hoveranimator&quot;:&quot;no&quot;}\" data-widget_type=\"text-editor.default\">\n\t\t\t\t<div class=\"elementor-widget-container\">\n\t\t\t\t\t\t\t\t\t<p>Ting glemmes og findes igen p\u00e5 The Lodge? Har du glemt noget? M\u00e5ske har vi fundet det!  <\/p><p>Udfyld venligst kontaktformularen herunder og beskriv den glemte sag s\u00e5 detaljeret som muligt.<\/p><p>Hvis vi har fundet dine ting, kontakter vi dig. Du kan enten hente din glemte sag p\u00e5 The Lodge, eller vi kan sende den til dig. Vi bruger pakke.dk til at sende glemte sager \u2013 dette er p\u00e5 modtagers regning, og pakken skal afhentes p\u00e5 The Lodge af fragtfirmaet.  <\/p><p>The Lodge tager ikke ansvar for glemte sager og kan ikke garantere, at tingen bliver fundet. Glemte sager opbevares i 30 dage. <\/p>\t\t\t\t\t\t\t\t<\/div>\n\t\t\t\t<\/div>\n\t\t\t\t\t<\/div>\n\t\t<\/div>\n\t\t\t\t\t<\/div>\n\t\t<\/section>\n\t\t\t\t<section class=\"elementor-section elementor-top-section elementor-element elementor-element-1aefba51 elementor-section-boxed elementor-section-height-default elementor-section-height-default\" data-id=\"1aefba51\" data-element_type=\"section\" data-e-type=\"section\" data-settings=\"{&quot;_ob_glider_is_slider&quot;:&quot;no&quot;}\">\n\t\t\t\t\t\t<div class=\"elementor-container elementor-column-gap-default\">\n\t\t\t\t\t<div class=\"elementor-column elementor-col-100 elementor-top-column elementor-element elementor-element-27eb09a\" data-id=\"27eb09a\" data-element_type=\"column\" data-e-type=\"column\" data-settings=\"{&quot;_ob_column_hoveranimator&quot;:&quot;no&quot;,&quot;_ob_column_has_pseudo&quot;:&quot;no&quot;}\">\n\t\t\t<div class=\"elementor-widget-wrap elementor-element-populated\">\n\t\t\t\t\t\t<div class=\"elementor-element elementor-element-3361a57 elementor-button-align-stretch ob-has-background-overlay elementor-widget elementor-widget-form\" data-id=\"3361a57\" data-element_type=\"widget\" data-e-type=\"widget\" data-settings=\"{&quot;step_next_label&quot;:&quot;N\\u00e6ste&quot;,&quot;step_previous_label&quot;:&quot;Tilbage&quot;,&quot;button_width&quot;:&quot;100&quot;,&quot;step_type&quot;:&quot;number_text&quot;,&quot;step_icon_shape&quot;:&quot;circle&quot;,&quot;_ob_widget_stalker_use&quot;:&quot;no&quot;,&quot;_ob_poopart_use&quot;:&quot;yes&quot;,&quot;_ob_shadough_use&quot;:&quot;no&quot;,&quot;_ob_allow_hoveranimator&quot;:&quot;no&quot;}\" data-widget_type=\"form.default\">\n\t\t\t\t<div class=\"elementor-widget-container\">\n\t\t\t\t\t\t\t<form class=\"elementor-form\" method=\"post\" name=\"New Form\" aria-label=\"New Form\">\n\t\t\t<input type=\"hidden\" name=\"post_id\" value=\"7816\"\/>\n\t\t\t<input type=\"hidden\" name=\"form_id\" value=\"3361a57\"\/>\n\t\t\t<input type=\"hidden\" name=\"referer_title\" value=\"Glemte sager - The Lodge\" \/>\n\n\t\t\t\t\t\t\t<input type=\"hidden\" name=\"queried_id\" value=\"7816\"\/>\n\t\t\t\n\t\t\t<div class=\"elementor-form-fields-wrapper elementor-labels-above\">\n\t\t\t\t\t\t\t\t<div class=\"elementor-field-type-text elementor-field-group elementor-column elementor-field-group-name elementor-col-100 elementor-field-required\">\n\t\t\t\t\t\t\t\t\t\t\t\t<label for=\"form-field-name\" class=\"elementor-field-label\">\n\t\t\t\t\t\t\t\tNavn\t\t\t\t\t\t\t<\/label>\n\t\t\t\t\t\t\t\t\t\t\t\t\t\t<input size=\"1\" type=\"text\" name=\"form_fields[name]\" id=\"form-field-name\" class=\"elementor-field elementor-size-sm  elementor-field-textual\" placeholder=\"Navn\" required=\"required\">\n\t\t\t\t\t\t\t\t\t\t\t<\/div>\n\t\t\t\t\t\t\t\t<div class=\"elementor-field-type-email elementor-field-group elementor-column elementor-field-group-email elementor-col-100 elementor-field-required\">\n\t\t\t\t\t\t\t\t\t\t\t\t<label for=\"form-field-email\" class=\"elementor-field-label\">\n\t\t\t\t\t\t\t\tE-mail\t\t\t\t\t\t\t<\/label>\n\t\t\t\t\t\t\t\t\t\t\t\t\t\t<input size=\"1\" type=\"email\" name=\"form_fields[email]\" id=\"form-field-email\" class=\"elementor-field elementor-size-sm  elementor-field-textual\" placeholder=\"E-mail\" required=\"required\">\n\t\t\t\t\t\t\t\t\t\t\t<\/div>\n\t\t\t\t\t\t\t\t<div class=\"elementor-field-type-tel elementor-field-group elementor-column elementor-field-group-message elementor-col-100 elementor-field-required\">\n\t\t\t\t\t\t\t\t\t\t\t\t<label for=\"form-field-message\" class=\"elementor-field-label\">\n\t\t\t\t\t\t\t\tTelefon\t\t\t\t\t\t\t<\/label>\n\t\t\t\t\t\t\t\t<input size=\"1\" type=\"tel\" name=\"form_fields[message]\" id=\"form-field-message\" class=\"elementor-field elementor-size-sm  elementor-field-textual\" placeholder=\"Telefonnummer\" required=\"required\" pattern=\"[0-9()#&amp;+*-=.]+\" title=\"Kun tal og telefonkarakterer (#,-,*, o.s.v.) accepteres.\">\n\n\t\t\t\t\t\t<\/div>\n\t\t\t\t\t\t\t\t<div class=\"elementor-field-type-text elementor-field-group elementor-column elementor-field-group-field_64de93c elementor-col-100 elementor-field-required\">\n\t\t\t\t\t\t\t\t\t\t\t\t<label for=\"form-field-field_64de93c\" class=\"elementor-field-label\">\n\t\t\t\t\t\t\t\tRoom Number\t\t\t\t\t\t\t<\/label>\n\t\t\t\t\t\t\t\t\t\t\t\t\t\t<input size=\"1\" type=\"text\" name=\"form_fields[field_64de93c]\" id=\"form-field-field_64de93c\" class=\"elementor-field elementor-size-sm  elementor-field-textual\" placeholder=\"V\u00e6relsesnummer\" required=\"required\">\n\t\t\t\t\t\t\t\t\t\t\t<\/div>\n\t\t\t\t\t\t\t\t<div class=\"elementor-field-type-date elementor-field-group elementor-column elementor-field-group-field_64659eb elementor-col-100 elementor-field-required\">\n\t\t\t\t\t\t\t\t\t\t\t\t<label for=\"form-field-field_64659eb\" class=\"elementor-field-label\">\n\t\t\t\t\t\t\t\tDeparture Date\t\t\t\t\t\t\t<\/label>\n\t\t\t\t\t\t\n\t\t<input type=\"date\" name=\"form_fields[field_64659eb]\" id=\"form-field-field_64659eb\" class=\"elementor-field elementor-size-sm  elementor-field-textual elementor-date-field\" placeholder=\"Afrejsedato\" required=\"required\" pattern=\"[0-9]{4}-[0-9]{2}-[0-9]{2}\" min=\"2024-01-01\">\n\t\t\t\t\t\t<\/div>\n\t\t\t\t\t\t\t\t<div class=\"elementor-field-type-textarea elementor-field-group elementor-column elementor-field-group-field_fd80637 elementor-col-100 elementor-field-required\">\n\t\t\t\t\t\t\t\t\t\t\t\t<label for=\"form-field-field_fd80637\" class=\"elementor-field-label\">\n\t\t\t\t\t\t\t\tDescription of the forgotten item\t\t\t\t\t\t\t<\/label>\n\t\t\t\t\t\t<textarea class=\"elementor-field-textual elementor-field  elementor-size-sm\" name=\"form_fields[field_fd80637]\" id=\"form-field-field_fd80637\" rows=\"4\" placeholder=\"Beskrivelse af den glemte sag\" required=\"required\"><\/textarea>\t\t\t\t<\/div>\n\t\t\t\t\t\t\t\t<div class=\"elementor-field-group elementor-column elementor-field-type-submit elementor-col-100 e-form__buttons\">\n\t\t\t\t\t<button class=\"elementor-button elementor-size-sm\" type=\"submit\">\n\t\t\t\t\t\t<span class=\"elementor-button-content-wrapper\">\n\t\t\t\t\t\t\t\t\t\t\t\t\t\t\t\t\t\t\t\t\t\t<span class=\"elementor-button-text\">Send<\/span>\n\t\t\t\t\t\t\t\t\t\t\t\t\t<\/span>\n\t\t\t\t\t<\/button>\n\t\t\t\t<\/div>\n\t\t\t<\/div>\n\t\t<\/form>\n\t\t\t\t\t\t<\/div>\n\t\t\t\t<\/div>\n\t\t\t\t<div class=\"elementor-element elementor-element-8acf0d5 elementor-widget-divider--view-line ob-has-background-overlay elementor-widget elementor-widget-divider\" data-id=\"8acf0d5\" data-element_type=\"widget\" data-e-type=\"widget\" data-settings=\"{&quot;_ob_widget_stalker_use&quot;:&quot;no&quot;,&quot;_ob_poopart_use&quot;:&quot;yes&quot;,&quot;_ob_shadough_use&quot;:&quot;no&quot;,&quot;_ob_allow_hoveranimator&quot;:&quot;no&quot;}\" data-widget_type=\"divider.default\">\n\t\t\t\t<div class=\"elementor-widget-container\">\n\t\t\t\t\t\t\t<div class=\"elementor-divider\">\n\t\t\t<span class=\"elementor-divider-separator\">\n\t\t\t\t\t\t<\/span>\n\t\t<\/div>\n\t\t\t\t\t\t<\/div>\n\t\t\t\t<\/div>\n\t\t\t\t<div class=\"elementor-element elementor-element-efa10b1 ob-harakiri-inherit ob-has-background-overlay elementor-widget elementor-widget-text-editor\" data-id=\"efa10b1\" data-element_type=\"widget\" data-e-type=\"widget\" data-settings=\"{&quot;_ob_use_harakiri&quot;:&quot;yes&quot;,&quot;_ob_harakiri_writing_mode&quot;:&quot;inherit&quot;,&quot;_ob_postman_use&quot;:&quot;no&quot;,&quot;_ob_widget_stalker_use&quot;:&quot;no&quot;,&quot;_ob_poopart_use&quot;:&quot;yes&quot;,&quot;_ob_shadough_use&quot;:&quot;no&quot;,&quot;_ob_allow_hoveranimator&quot;:&quot;no&quot;}\" data-widget_type=\"text-editor.default\">\n\t\t\t\t<div class=\"elementor-widget-container\">\n\t\t\t\t\t\t\t\t\t<p>Har du ikke glemt noget, men vil bare <a href=\"https:\/\/thelodge.dk\/da\/vaerelser\/\">booke et v\u00e6relse<\/a>? Lad os se p\u00e5 <a href=\"https:\/\/thelodge.dk\/da\/vaerelser\/\">det<\/a>!<\/p>\t\t\t\t\t\t\t\t<\/div>\n\t\t\t\t<\/div>\n\t\t\t\t<div class=\"elementor-element elementor-element-d3fb908 ob-has-background-overlay elementor-widget elementor-widget-image\" data-id=\"d3fb908\" data-element_type=\"widget\" data-e-type=\"widget\" data-settings=\"{&quot;_ob_photomorph_use&quot;:&quot;no&quot;,&quot;_ob_widget_stalker_use&quot;:&quot;no&quot;,&quot;_ob_poopart_use&quot;:&quot;yes&quot;,&quot;_ob_shadough_use&quot;:&quot;no&quot;,&quot;_ob_allow_hoveranimator&quot;:&quot;no&quot;}\" data-widget_type=\"image.default\">\n\t\t\t\t<div class=\"elementor-widget-container\">\n\t\t\t\t\t\t\t\t\t\t\t\t\t\t\t<img fetchpriority=\"high\" decoding=\"async\" width=\"768\" height=\"512\" src=\"https:\/\/thelodge.dk\/wp-content\/uploads\/2023\/11\/web_TheLodge_RAIS4374-768x512.jpg\" class=\"attachment-medium_large size-medium_large wp-image-7072\" alt=\"\" srcset=\"https:\/\/thelodge.dk\/wp-content\/uploads\/2023\/11\/web_TheLodge_RAIS4374-768x512.jpg 768w, https:\/\/thelodge.dk\/wp-content\/uploads\/2023\/11\/web_TheLodge_RAIS4374-300x200.jpg 300w, https:\/\/thelodge.dk\/wp-content\/uploads\/2023\/11\/web_TheLodge_RAIS4374-1024x683.jpg 1024w, https:\/\/thelodge.dk\/wp-content\/uploads\/2023\/11\/web_TheLodge_RAIS4374-1536x1024.jpg 1536w, https:\/\/thelodge.dk\/wp-content\/uploads\/2023\/11\/web_TheLodge_RAIS4374-2048x1366.jpg 2048w\" sizes=\"(max-width: 768px) 100vw, 768px\" \/>\t\t\t\t\t\t\t\t\t\t\t\t\t\t\t<\/div>\n\t\t\t\t<\/div>\n\t\t\t\t\t<\/div>\n\t\t<\/div>\n\t\t\t\t\t<\/div>\n\t\t<\/section>\n\t\t\t\t<\/div>\n\t\t","protected":false},"excerpt":{"rendered":"<p>Glemte sager Ting glemmes og findes igen p\u00e5 The Lodge? Har du glemt noget? M\u00e5ske har vi fundet det! Udfyld venligst kontaktformularen herunder og beskriv den glemte sag s\u00e5 detaljeret som muligt. Hvis vi har fundet dine ting, kontakter vi dig. Du kan enten hente din glemte sag p\u00e5 The Lodge, eller vi kan sende [&hellip;]<\/p>\n","protected":false},"author":4,"featured_media":0,"parent":0,"menu_order":0,"comment_status":"closed","ping_status":"closed","template":"","meta":{"_acf_changed":false,"footnotes":""},"class_list":["post-7816","page","type-page","status-publish","hentry"],"acf":[],"yoast_head":"<!-- This site is optimized with the Yoast SEO plugin v27.3 - https:\/\/yoast.com\/product\/yoast-seo-wordpress\/ -->\n<title>Glemte sager - The Lodge<\/title>\n<meta name=\"description\" content=\"Things get Lost &amp; Found at The Lodge. Did you leave something behind during your last stay? Maybe we\u2019ve found it!\" \/>\n<meta name=\"robots\" content=\"index, follow, max-snippet:-1, max-image-preview:large, max-video-preview:-1\" \/>\n<link rel=\"canonical\" href=\"https:\/\/thelodge.dk\/da\/glemte-sager\/\" \/>\n<meta property=\"og:locale\" content=\"da_DK\" \/>\n<meta property=\"og:type\" content=\"article\" \/>\n<meta property=\"og:title\" content=\"Glemte sager - The Lodge\" \/>\n<meta property=\"og:description\" content=\"Things get Lost &amp; Found at The Lodge. Did you leave something behind during your last stay? Maybe we\u2019ve found it!\" \/>\n<meta property=\"og:url\" content=\"https:\/\/thelodge.dk\/da\/glemte-sager\/\" \/>\n<meta property=\"og:site_name\" content=\"The Lodge\" \/>\n<meta property=\"article:modified_time\" content=\"2026-01-12T14:07:41+00:00\" \/>\n<meta property=\"og:image\" content=\"https:\/\/thelodge.dk\/wp-content\/uploads\/2023\/11\/web_TheLodge_RAIS4374.jpg\" \/>\n\t<meta property=\"og:image:width\" content=\"2200\" \/>\n\t<meta property=\"og:image:height\" content=\"1467\" \/>\n\t<meta property=\"og:image:type\" content=\"image\/jpeg\" \/>\n<meta name=\"twitter:card\" content=\"summary_large_image\" \/>\n<meta name=\"twitter:label1\" content=\"Estimeret l\u00e6setid\" \/>\n\t<meta name=\"twitter:data1\" content=\"1 minut\" \/>\n<script type=\"application\/ld+json\" class=\"yoast-schema-graph\">{\"@context\":\"https:\\\/\\\/schema.org\",\"@graph\":[{\"@type\":\"WebPage\",\"@id\":\"https:\\\/\\\/thelodge.dk\\\/da\\\/glemte-sager\\\/\",\"url\":\"https:\\\/\\\/thelodge.dk\\\/da\\\/glemte-sager\\\/\",\"name\":\"Glemte sager - The Lodge\",\"isPartOf\":{\"@id\":\"https:\\\/\\\/thelodge.dk\\\/da\\\/#website\"},\"primaryImageOfPage\":{\"@id\":\"https:\\\/\\\/thelodge.dk\\\/da\\\/glemte-sager\\\/#primaryimage\"},\"image\":{\"@id\":\"https:\\\/\\\/thelodge.dk\\\/da\\\/glemte-sager\\\/#primaryimage\"},\"thumbnailUrl\":\"https:\\\/\\\/thelodge.dk\\\/wp-content\\\/uploads\\\/2023\\\/11\\\/web_TheLodge_RAIS4374-768x512.jpg\",\"datePublished\":\"2023-12-22T09:42:56+00:00\",\"dateModified\":\"2026-01-12T14:07:41+00:00\",\"description\":\"Things get Lost & Found at The Lodge. Did you leave something behind during your last stay? Maybe we\u2019ve found it!\",\"breadcrumb\":{\"@id\":\"https:\\\/\\\/thelodge.dk\\\/da\\\/glemte-sager\\\/#breadcrumb\"},\"inLanguage\":\"da-DK\",\"potentialAction\":[{\"@type\":\"ReadAction\",\"target\":[\"https:\\\/\\\/thelodge.dk\\\/da\\\/glemte-sager\\\/\"]}]},{\"@type\":\"ImageObject\",\"inLanguage\":\"da-DK\",\"@id\":\"https:\\\/\\\/thelodge.dk\\\/da\\\/glemte-sager\\\/#primaryimage\",\"url\":\"https:\\\/\\\/thelodge.dk\\\/wp-content\\\/uploads\\\/2023\\\/11\\\/web_TheLodge_RAIS4374-768x512.jpg\",\"contentUrl\":\"https:\\\/\\\/thelodge.dk\\\/wp-content\\\/uploads\\\/2023\\\/11\\\/web_TheLodge_RAIS4374-768x512.jpg\"},{\"@type\":\"BreadcrumbList\",\"@id\":\"https:\\\/\\\/thelodge.dk\\\/da\\\/glemte-sager\\\/#breadcrumb\",\"itemListElement\":[{\"@type\":\"ListItem\",\"position\":1,\"name\":\"Hjem\",\"item\":\"https:\\\/\\\/thelodge.dk\\\/da\\\/forside\\\/\"},{\"@type\":\"ListItem\",\"position\":2,\"name\":\"Glemte sager\"}]},{\"@type\":\"WebSite\",\"@id\":\"https:\\\/\\\/thelodge.dk\\\/da\\\/#website\",\"url\":\"https:\\\/\\\/thelodge.dk\\\/da\\\/\",\"name\":\"The Lodge\",\"description\":\"Billund\",\"publisher\":{\"@id\":\"https:\\\/\\\/thelodge.dk\\\/da\\\/#organization\"},\"potentialAction\":[{\"@type\":\"SearchAction\",\"target\":{\"@type\":\"EntryPoint\",\"urlTemplate\":\"https:\\\/\\\/thelodge.dk\\\/da\\\/?s={search_term_string}\"},\"query-input\":{\"@type\":\"PropertyValueSpecification\",\"valueRequired\":true,\"valueName\":\"search_term_string\"}}],\"inLanguage\":\"da-DK\"},{\"@type\":\"Organization\",\"@id\":\"https:\\\/\\\/thelodge.dk\\\/da\\\/#organization\",\"name\":\"The Lodge Billund\",\"url\":\"https:\\\/\\\/thelodge.dk\\\/da\\\/\",\"logo\":{\"@type\":\"ImageObject\",\"inLanguage\":\"da-DK\",\"@id\":\"https:\\\/\\\/thelodge.dk\\\/da\\\/#\\\/schema\\\/logo\\\/image\\\/\",\"url\":\"https:\\\/\\\/thelodge.dk\\\/wp-content\\\/uploads\\\/2020\\\/10\\\/rgb_119_145_138.svg\",\"contentUrl\":\"https:\\\/\\\/thelodge.dk\\\/wp-content\\\/uploads\\\/2020\\\/10\\\/rgb_119_145_138.svg\",\"width\":565,\"height\":259,\"caption\":\"The Lodge Billund\"},\"image\":{\"@id\":\"https:\\\/\\\/thelodge.dk\\\/da\\\/#\\\/schema\\\/logo\\\/image\\\/\"}}]}<\/script>\n<!-- \/ Yoast SEO plugin. -->","yoast_head_json":{"title":"Glemte sager - The Lodge","description":"Things get Lost & Found at The Lodge. Did you leave something behind during your last stay? Maybe we\u2019ve found it!","robots":{"index":"index","follow":"follow","max-snippet":"max-snippet:-1","max-image-preview":"max-image-preview:large","max-video-preview":"max-video-preview:-1"},"canonical":"https:\/\/thelodge.dk\/da\/glemte-sager\/","og_locale":"da_DK","og_type":"article","og_title":"Glemte sager - The Lodge","og_description":"Things get Lost & Found at The Lodge. Did you leave something behind during your last stay? Maybe we\u2019ve found it!","og_url":"https:\/\/thelodge.dk\/da\/glemte-sager\/","og_site_name":"The Lodge","article_modified_time":"2026-01-12T14:07:41+00:00","og_image":[{"width":2200,"height":1467,"url":"https:\/\/thelodge.dk\/wp-content\/uploads\/2023\/11\/web_TheLodge_RAIS4374.jpg","type":"image\/jpeg"}],"twitter_card":"summary_large_image","twitter_misc":{"Estimeret l\u00e6setid":"1 minut"},"schema":{"@context":"https:\/\/schema.org","@graph":[{"@type":"WebPage","@id":"https:\/\/thelodge.dk\/da\/glemte-sager\/","url":"https:\/\/thelodge.dk\/da\/glemte-sager\/","name":"Glemte sager - The Lodge","isPartOf":{"@id":"https:\/\/thelodge.dk\/da\/#website"},"primaryImageOfPage":{"@id":"https:\/\/thelodge.dk\/da\/glemte-sager\/#primaryimage"},"image":{"@id":"https:\/\/thelodge.dk\/da\/glemte-sager\/#primaryimage"},"thumbnailUrl":"https:\/\/thelodge.dk\/wp-content\/uploads\/2023\/11\/web_TheLodge_RAIS4374-768x512.jpg","datePublished":"2023-12-22T09:42:56+00:00","dateModified":"2026-01-12T14:07:41+00:00","description":"Things get Lost & Found at The Lodge. Did you leave something behind during your last stay? Maybe we\u2019ve found it!","breadcrumb":{"@id":"https:\/\/thelodge.dk\/da\/glemte-sager\/#breadcrumb"},"inLanguage":"da-DK","potentialAction":[{"@type":"ReadAction","target":["https:\/\/thelodge.dk\/da\/glemte-sager\/"]}]},{"@type":"ImageObject","inLanguage":"da-DK","@id":"https:\/\/thelodge.dk\/da\/glemte-sager\/#primaryimage","url":"https:\/\/thelodge.dk\/wp-content\/uploads\/2023\/11\/web_TheLodge_RAIS4374-768x512.jpg","contentUrl":"https:\/\/thelodge.dk\/wp-content\/uploads\/2023\/11\/web_TheLodge_RAIS4374-768x512.jpg"},{"@type":"BreadcrumbList","@id":"https:\/\/thelodge.dk\/da\/glemte-sager\/#breadcrumb","itemListElement":[{"@type":"ListItem","position":1,"name":"Hjem","item":"https:\/\/thelodge.dk\/da\/forside\/"},{"@type":"ListItem","position":2,"name":"Glemte sager"}]},{"@type":"WebSite","@id":"https:\/\/thelodge.dk\/da\/#website","url":"https:\/\/thelodge.dk\/da\/","name":"The Lodge","description":"Billund","publisher":{"@id":"https:\/\/thelodge.dk\/da\/#organization"},"potentialAction":[{"@type":"SearchAction","target":{"@type":"EntryPoint","urlTemplate":"https:\/\/thelodge.dk\/da\/?s={search_term_string}"},"query-input":{"@type":"PropertyValueSpecification","valueRequired":true,"valueName":"search_term_string"}}],"inLanguage":"da-DK"},{"@type":"Organization","@id":"https:\/\/thelodge.dk\/da\/#organization","name":"The Lodge Billund","url":"https:\/\/thelodge.dk\/da\/","logo":{"@type":"ImageObject","inLanguage":"da-DK","@id":"https:\/\/thelodge.dk\/da\/#\/schema\/logo\/image\/","url":"https:\/\/thelodge.dk\/wp-content\/uploads\/2020\/10\/rgb_119_145_138.svg","contentUrl":"https:\/\/thelodge.dk\/wp-content\/uploads\/2020\/10\/rgb_119_145_138.svg","width":565,"height":259,"caption":"The Lodge Billund"},"image":{"@id":"https:\/\/thelodge.dk\/da\/#\/schema\/logo\/image\/"}}]}},"_links":{"self":[{"href":"https:\/\/thelodge.dk\/da\/wp-json\/wp\/v2\/pages\/7816","targetHints":{"allow":["GET"]}}],"collection":[{"href":"https:\/\/thelodge.dk\/da\/wp-json\/wp\/v2\/pages"}],"about":[{"href":"https:\/\/thelodge.dk\/da\/wp-json\/wp\/v2\/types\/page"}],"author":[{"embeddable":true,"href":"https:\/\/thelodge.dk\/da\/wp-json\/wp\/v2\/users\/4"}],"replies":[{"embeddable":true,"href":"https:\/\/thelodge.dk\/da\/wp-json\/wp\/v2\/comments?post=7816"}],"version-history":[{"count":2,"href":"https:\/\/thelodge.dk\/da\/wp-json\/wp\/v2\/pages\/7816\/revisions"}],"predecessor-version":[{"id":7838,"href":"https:\/\/thelodge.dk\/da\/wp-json\/wp\/v2\/pages\/7816\/revisions\/7838"}],"wp:attachment":[{"href":"https:\/\/thelodge.dk\/da\/wp-json\/wp\/v2\/media?parent=7816"}],"curies":[{"name":"wp","href":"https:\/\/api.w.org\/{rel}","templated":true}]}}