{"id":7806,"date":"2024-09-25T07:50:08","date_gmt":"2024-09-25T07:50:08","guid":{"rendered":"https:\/\/thelodge.dk\/moeder-i-billund-og-vejle\/"},"modified":"2026-01-09T14:13:41","modified_gmt":"2026-01-09T14:13:41","slug":"moeder-i-billund-og-vejle","status":"publish","type":"page","link":"https:\/\/thelodge.dk\/da\/moeder-i-billund-og-vejle\/","title":{"rendered":"M\u00f8der i Billund og Vejle"},"content":{"rendered":"\t\t<div data-elementor-type=\"wp-page\" data-elementor-id=\"7806\" class=\"elementor elementor-7806 elementor-5516\" data-elementor-post-type=\"page\">\n\t\t\t\t<div class=\"elementor-element elementor-element-95d5595 e-flex e-con-boxed e-con e-parent\" data-id=\"95d5595\" data-element_type=\"container\" data-e-type=\"container\" data-settings=\"{&quot;_ob_use_container_extras&quot;:&quot;no&quot;,&quot;_ob_column_hoveranimator&quot;:&quot;no&quot;,&quot;_ob_glider_is_slider&quot;:&quot;no&quot;,&quot;_ob_column_has_pseudo&quot;:&quot;no&quot;}\">\n\t\t\t\t\t<div class=\"e-con-inner\">\n\t\t\t\t<div class=\"elementor-element elementor-element-c7b7224 ob-has-background-overlay elementor-widget elementor-widget-spacer\" data-id=\"c7b7224\" data-element_type=\"widget\" data-e-type=\"widget\" data-settings=\"{&quot;_ob_spacerat_use&quot;:&quot;no&quot;,&quot;_ob_widget_stalker_use&quot;:&quot;no&quot;,&quot;_ob_poopart_use&quot;:&quot;yes&quot;,&quot;_ob_shadough_use&quot;:&quot;no&quot;,&quot;_ob_allow_hoveranimator&quot;:&quot;no&quot;}\" data-widget_type=\"spacer.default\">\n\t\t\t\t<div class=\"elementor-widget-container\">\n\t\t\t\t\t\t\t<div class=\"elementor-spacer\">\n\t\t\t<div class=\"elementor-spacer-inner\"><\/div>\n\t\t<\/div>\n\t\t\t\t\t\t<\/div>\n\t\t\t\t<\/div>\n\t\t\t\t\t<\/div>\n\t\t\t\t<\/div>\n\t\t<div class=\"elementor-element elementor-element-ce473b8 e-flex e-con-boxed e-con e-parent\" data-id=\"ce473b8\" data-element_type=\"container\" data-e-type=\"container\" data-settings=\"{&quot;_ob_use_container_extras&quot;:&quot;no&quot;,&quot;_ob_column_hoveranimator&quot;:&quot;no&quot;,&quot;_ob_glider_is_slider&quot;:&quot;no&quot;,&quot;_ob_column_has_pseudo&quot;:&quot;no&quot;}\">\n\t\t\t\t\t<div class=\"e-con-inner\">\n\t\t<div class=\"elementor-element elementor-element-6fef7ed e-con-full e-flex e-con e-child\" data-id=\"6fef7ed\" data-element_type=\"container\" data-e-type=\"container\" data-settings=\"{&quot;_ob_use_container_extras&quot;:&quot;no&quot;,&quot;_ob_column_hoveranimator&quot;:&quot;no&quot;,&quot;_ob_glider_is_slider&quot;:&quot;no&quot;,&quot;_ob_column_has_pseudo&quot;:&quot;no&quot;}\">\n\t\t\t\t<\/div>\n\t\t<div class=\"elementor-element elementor-element-2ecab11 e-con-full e-flex e-con e-child\" data-id=\"2ecab11\" data-element_type=\"container\" data-e-type=\"container\" data-settings=\"{&quot;_ob_use_container_extras&quot;:&quot;no&quot;,&quot;_ob_column_hoveranimator&quot;:&quot;no&quot;,&quot;_ob_glider_is_slider&quot;:&quot;no&quot;,&quot;_ob_column_has_pseudo&quot;:&quot;no&quot;}\">\n\t\t\t\t<div class=\"elementor-element elementor-element-c6ad3ab elementor-align-justify ob-has-background-overlay elementor-widget elementor-widget-button\" data-id=\"c6ad3ab\" data-element_type=\"widget\" data-e-type=\"widget\" data-settings=\"{&quot;_ob_butterbutton_use_it&quot;:&quot;no&quot;,&quot;_ob_widget_stalker_use&quot;:&quot;no&quot;,&quot;_ob_poopart_use&quot;:&quot;yes&quot;,&quot;_ob_shadough_use&quot;:&quot;no&quot;,&quot;_ob_allow_hoveranimator&quot;:&quot;no&quot;}\" data-widget_type=\"button.default\">\n\t\t\t\t<div class=\"elementor-widget-container\">\n\t\t\t\t\t\t\t\t\t<div class=\"elementor-button-wrapper\">\n\t\t\t\t\t<a class=\"elementor-button elementor-button-link elementor-size-sm\" href=\"https:\/\/thelodge.dk\/da\/moeder-og-events\/\">\n\t\t\t\t\t\t<span class=\"elementor-button-content-wrapper\">\n\t\t\t\t\t\t\t\t\t<span class=\"elementor-button-text\">M\u00d8DE I BILLUND? KLIK HER <\/span>\n\t\t\t\t\t<\/span>\n\t\t\t\t\t<\/a>\n\t\t\t\t<\/div>\n\t\t\t\t\t\t\t\t<\/div>\n\t\t\t\t<\/div>\n\t\t\t\t<\/div>\n\t\t<div class=\"elementor-element elementor-element-59418a3 e-con-full e-flex e-con e-child\" data-id=\"59418a3\" data-element_type=\"container\" data-e-type=\"container\" data-settings=\"{&quot;_ob_use_container_extras&quot;:&quot;no&quot;,&quot;_ob_column_hoveranimator&quot;:&quot;no&quot;,&quot;_ob_glider_is_slider&quot;:&quot;no&quot;,&quot;_ob_column_has_pseudo&quot;:&quot;no&quot;}\">\n\t\t\t\t<div class=\"elementor-element elementor-element-1bf1e94 elementor-align-justify ob-has-background-overlay elementor-widget elementor-widget-button\" data-id=\"1bf1e94\" data-element_type=\"widget\" data-e-type=\"widget\" data-settings=\"{&quot;_ob_butterbutton_use_it&quot;:&quot;no&quot;,&quot;_ob_widget_stalker_use&quot;:&quot;no&quot;,&quot;_ob_poopart_use&quot;:&quot;yes&quot;,&quot;_ob_shadough_use&quot;:&quot;no&quot;,&quot;_ob_allow_hoveranimator&quot;:&quot;no&quot;}\" data-widget_type=\"button.default\">\n\t\t\t\t<div class=\"elementor-widget-container\">\n\t\t\t\t\t\t\t\t\t<div class=\"elementor-button-wrapper\">\n\t\t\t\t\t<a class=\"elementor-button elementor-button-link elementor-size-sm\" href=\"http:\/\/www.thenote.dk\/meetings\">\n\t\t\t\t\t\t<span class=\"elementor-button-content-wrapper\">\n\t\t\t\t\t\t\t\t\t<span class=\"elementor-button-text\">M\u00d8DE I VEJLE? KLIK HER <\/span>\n\t\t\t\t\t<\/span>\n\t\t\t\t\t<\/a>\n\t\t\t\t<\/div>\n\t\t\t\t\t\t\t\t<\/div>\n\t\t\t\t<\/div>\n\t\t\t\t<\/div>\n\t\t<div class=\"elementor-element elementor-element-e0e50f2 e-con-full e-flex e-con e-child\" data-id=\"e0e50f2\" data-element_type=\"container\" data-e-type=\"container\" data-settings=\"{&quot;_ob_use_container_extras&quot;:&quot;no&quot;,&quot;_ob_column_hoveranimator&quot;:&quot;no&quot;,&quot;_ob_glider_is_slider&quot;:&quot;no&quot;,&quot;_ob_column_has_pseudo&quot;:&quot;no&quot;}\">\n\t\t\t\t<\/div>\n\t\t\t\t\t<\/div>\n\t\t\t\t<\/div>\n\t\t<div class=\"elementor-element elementor-element-c1385c3 e-flex e-con-boxed e-con e-parent\" data-id=\"c1385c3\" data-element_type=\"container\" data-e-type=\"container\" data-settings=\"{&quot;_ob_use_container_extras&quot;:&quot;no&quot;,&quot;_ob_column_hoveranimator&quot;:&quot;no&quot;,&quot;_ob_glider_is_slider&quot;:&quot;no&quot;,&quot;_ob_column_has_pseudo&quot;:&quot;no&quot;}\">\n\t\t\t\t\t<div class=\"e-con-inner\">\n\t\t<div class=\"elementor-element elementor-element-fe7cda5 e-con-full e-flex e-con e-child\" data-id=\"fe7cda5\" data-element_type=\"container\" data-e-type=\"container\" data-settings=\"{&quot;_ob_use_container_extras&quot;:&quot;no&quot;,&quot;_ob_column_hoveranimator&quot;:&quot;no&quot;,&quot;_ob_glider_is_slider&quot;:&quot;no&quot;,&quot;_ob_column_has_pseudo&quot;:&quot;no&quot;}\">\n\t\t\t\t<\/div>\n\t\t<div class=\"elementor-element elementor-element-bb737af e-con-full e-flex e-con e-child\" data-id=\"bb737af\" data-element_type=\"container\" data-e-type=\"container\" data-settings=\"{&quot;_ob_use_container_extras&quot;:&quot;no&quot;,&quot;_ob_column_hoveranimator&quot;:&quot;no&quot;,&quot;_ob_glider_is_slider&quot;:&quot;no&quot;,&quot;_ob_column_has_pseudo&quot;:&quot;no&quot;}\">\n\t\t\t\t<div class=\"elementor-element elementor-element-fd9548c ob-has-background-overlay elementor-widget elementor-widget-image\" data-id=\"fd9548c\" data-element_type=\"widget\" data-e-type=\"widget\" data-settings=\"{&quot;_ob_photomorph_use&quot;:&quot;no&quot;,&quot;_ob_widget_stalker_use&quot;:&quot;no&quot;,&quot;_ob_poopart_use&quot;:&quot;yes&quot;,&quot;_ob_shadough_use&quot;:&quot;no&quot;,&quot;_ob_allow_hoveranimator&quot;:&quot;no&quot;}\" data-widget_type=\"image.default\">\n\t\t\t\t<div class=\"elementor-widget-container\">\n\t\t\t\t\t\t\t\t\t\t\t\t\t\t\t<img fetchpriority=\"high\" decoding=\"async\" width=\"800\" height=\"534\" src=\"https:\/\/thelodge.dk\/wp-content\/uploads\/2023\/11\/web_TheLodge_RAIS3851-1024x683.jpg\" class=\"attachment-large size-large wp-image-7051\" alt=\"\" srcset=\"https:\/\/thelodge.dk\/wp-content\/uploads\/2023\/11\/web_TheLodge_RAIS3851-1024x683.jpg 1024w, https:\/\/thelodge.dk\/wp-content\/uploads\/2023\/11\/web_TheLodge_RAIS3851-300x200.jpg 300w, https:\/\/thelodge.dk\/wp-content\/uploads\/2023\/11\/web_TheLodge_RAIS3851-768x512.jpg 768w, https:\/\/thelodge.dk\/wp-content\/uploads\/2023\/11\/web_TheLodge_RAIS3851-1536x1024.jpg 1536w, https:\/\/thelodge.dk\/wp-content\/uploads\/2023\/11\/web_TheLodge_RAIS3851-2048x1366.jpg 2048w\" sizes=\"(max-width: 800px) 100vw, 800px\" \/>\t\t\t\t\t\t\t\t\t\t\t\t\t\t\t<\/div>\n\t\t\t\t<\/div>\n\t\t\t\t<\/div>\n\t\t<div class=\"elementor-element elementor-element-91961fa e-con-full e-flex e-con e-child\" data-id=\"91961fa\" data-element_type=\"container\" data-e-type=\"container\" data-settings=\"{&quot;_ob_use_container_extras&quot;:&quot;no&quot;,&quot;_ob_column_hoveranimator&quot;:&quot;no&quot;,&quot;_ob_glider_is_slider&quot;:&quot;no&quot;,&quot;_ob_column_has_pseudo&quot;:&quot;no&quot;}\">\n\t\t\t\t<\/div>\n\t\t\t\t\t<\/div>\n\t\t\t\t<\/div>\n\t\t<div class=\"elementor-element elementor-element-09ff3db e-flex e-con-boxed e-con e-parent\" data-id=\"09ff3db\" data-element_type=\"container\" data-e-type=\"container\" data-settings=\"{&quot;_ob_use_container_extras&quot;:&quot;no&quot;,&quot;_ob_column_hoveranimator&quot;:&quot;no&quot;,&quot;_ob_glider_is_slider&quot;:&quot;no&quot;,&quot;_ob_column_has_pseudo&quot;:&quot;no&quot;}\">\n\t\t\t\t\t<div class=\"e-con-inner\">\n\t\t\t\t<div class=\"elementor-element elementor-element-5943052 ob-has-background-overlay elementor-widget elementor-widget-spacer\" data-id=\"5943052\" data-element_type=\"widget\" data-e-type=\"widget\" data-settings=\"{&quot;_ob_spacerat_use&quot;:&quot;no&quot;,&quot;_ob_widget_stalker_use&quot;:&quot;no&quot;,&quot;_ob_poopart_use&quot;:&quot;yes&quot;,&quot;_ob_shadough_use&quot;:&quot;no&quot;,&quot;_ob_allow_hoveranimator&quot;:&quot;no&quot;}\" data-widget_type=\"spacer.default\">\n\t\t\t\t<div class=\"elementor-widget-container\">\n\t\t\t\t\t\t\t<div class=\"elementor-spacer\">\n\t\t\t<div class=\"elementor-spacer-inner\"><\/div>\n\t\t<\/div>\n\t\t\t\t\t\t<\/div>\n\t\t\t\t<\/div>\n\t\t\t\t\t<\/div>\n\t\t\t\t<\/div>\n\t\t\t\t<\/div>\n\t\t","protected":false},"excerpt":{"rendered":"<p>M\u00d8DE I BILLUND? KLIK HER M\u00d8DE I VEJLE? KLIK HER<\/p>\n","protected":false},"author":4,"featured_media":0,"parent":0,"menu_order":0,"comment_status":"closed","ping_status":"closed","template":"","meta":{"_acf_changed":false,"footnotes":""},"class_list":["post-7806","page","type-page","status-publish","hentry"],"acf":[],"yoast_head":"<!-- This site is optimized with the Yoast SEO plugin v27.4 - https:\/\/yoast.com\/product\/yoast-seo-wordpress\/ -->\n<title>M\u00f8der i Billund og Vejle - The Lodge<\/title>\n<meta name=\"robots\" content=\"index, follow, max-snippet:-1, max-image-preview:large, max-video-preview:-1\" \/>\n<link rel=\"canonical\" href=\"https:\/\/thelodge.dk\/da\/moeder-i-billund-og-vejle\/\" \/>\n<meta property=\"og:locale\" content=\"da_DK\" \/>\n<meta property=\"og:type\" content=\"article\" \/>\n<meta property=\"og:title\" content=\"M\u00f8der i Billund og Vejle - The Lodge\" \/>\n<meta property=\"og:description\" content=\"M\u00d8DE I BILLUND? KLIK HER M\u00d8DE I VEJLE? KLIK HER\" \/>\n<meta property=\"og:url\" content=\"https:\/\/thelodge.dk\/da\/moeder-i-billund-og-vejle\/\" \/>\n<meta property=\"og:site_name\" content=\"The Lodge\" \/>\n<meta property=\"article:modified_time\" content=\"2026-01-09T14:13:41+00:00\" \/>\n<meta property=\"og:image\" content=\"https:\/\/thelodge.dk\/wp-content\/uploads\/2023\/11\/web_TheLodge_RAIS3851.jpg\" \/>\n\t<meta property=\"og:image:width\" content=\"2200\" \/>\n\t<meta property=\"og:image:height\" content=\"1467\" \/>\n\t<meta property=\"og:image:type\" content=\"image\/jpeg\" \/>\n<meta name=\"twitter:card\" content=\"summary_large_image\" \/>\n<script type=\"application\/ld+json\" class=\"yoast-schema-graph\">{\"@context\":\"https:\\\/\\\/schema.org\",\"@graph\":[{\"@type\":\"WebPage\",\"@id\":\"https:\\\/\\\/thelodge.dk\\\/da\\\/moeder-i-billund-og-vejle\\\/\",\"url\":\"https:\\\/\\\/thelodge.dk\\\/da\\\/moeder-i-billund-og-vejle\\\/\",\"name\":\"M\u00f8der i Billund og Vejle - The Lodge\",\"isPartOf\":{\"@id\":\"https:\\\/\\\/thelodge.dk\\\/da\\\/#website\"},\"primaryImageOfPage\":{\"@id\":\"https:\\\/\\\/thelodge.dk\\\/da\\\/moeder-i-billund-og-vejle\\\/#primaryimage\"},\"image\":{\"@id\":\"https:\\\/\\\/thelodge.dk\\\/da\\\/moeder-i-billund-og-vejle\\\/#primaryimage\"},\"thumbnailUrl\":\"https:\\\/\\\/thelodge.dk\\\/wp-content\\\/uploads\\\/2023\\\/11\\\/web_TheLodge_RAIS3851-1024x683.jpg\",\"datePublished\":\"2024-09-25T07:50:08+00:00\",\"dateModified\":\"2026-01-09T14:13:41+00:00\",\"breadcrumb\":{\"@id\":\"https:\\\/\\\/thelodge.dk\\\/da\\\/moeder-i-billund-og-vejle\\\/#breadcrumb\"},\"inLanguage\":\"da-DK\",\"potentialAction\":[{\"@type\":\"ReadAction\",\"target\":[\"https:\\\/\\\/thelodge.dk\\\/da\\\/moeder-i-billund-og-vejle\\\/\"]}]},{\"@type\":\"ImageObject\",\"inLanguage\":\"da-DK\",\"@id\":\"https:\\\/\\\/thelodge.dk\\\/da\\\/moeder-i-billund-og-vejle\\\/#primaryimage\",\"url\":\"https:\\\/\\\/thelodge.dk\\\/wp-content\\\/uploads\\\/2023\\\/11\\\/web_TheLodge_RAIS3851-1024x683.jpg\",\"contentUrl\":\"https:\\\/\\\/thelodge.dk\\\/wp-content\\\/uploads\\\/2023\\\/11\\\/web_TheLodge_RAIS3851-1024x683.jpg\"},{\"@type\":\"BreadcrumbList\",\"@id\":\"https:\\\/\\\/thelodge.dk\\\/da\\\/moeder-i-billund-og-vejle\\\/#breadcrumb\",\"itemListElement\":[{\"@type\":\"ListItem\",\"position\":1,\"name\":\"Hjem\",\"item\":\"https:\\\/\\\/thelodge.dk\\\/da\\\/forside\\\/\"},{\"@type\":\"ListItem\",\"position\":2,\"name\":\"M\u00f8der i Billund og Vejle\"}]},{\"@type\":\"WebSite\",\"@id\":\"https:\\\/\\\/thelodge.dk\\\/da\\\/#website\",\"url\":\"https:\\\/\\\/thelodge.dk\\\/da\\\/\",\"name\":\"The Lodge\",\"description\":\"Billund\",\"publisher\":{\"@id\":\"https:\\\/\\\/thelodge.dk\\\/da\\\/#organization\"},\"potentialAction\":[{\"@type\":\"SearchAction\",\"target\":{\"@type\":\"EntryPoint\",\"urlTemplate\":\"https:\\\/\\\/thelodge.dk\\\/da\\\/?s={search_term_string}\"},\"query-input\":{\"@type\":\"PropertyValueSpecification\",\"valueRequired\":true,\"valueName\":\"search_term_string\"}}],\"inLanguage\":\"da-DK\"},{\"@type\":\"Organization\",\"@id\":\"https:\\\/\\\/thelodge.dk\\\/da\\\/#organization\",\"name\":\"The Lodge Billund\",\"url\":\"https:\\\/\\\/thelodge.dk\\\/da\\\/\",\"logo\":{\"@type\":\"ImageObject\",\"inLanguage\":\"da-DK\",\"@id\":\"https:\\\/\\\/thelodge.dk\\\/da\\\/#\\\/schema\\\/logo\\\/image\\\/\",\"url\":\"https:\\\/\\\/thelodge.dk\\\/wp-content\\\/uploads\\\/2020\\\/10\\\/rgb_119_145_138.svg\",\"contentUrl\":\"https:\\\/\\\/thelodge.dk\\\/wp-content\\\/uploads\\\/2020\\\/10\\\/rgb_119_145_138.svg\",\"width\":565,\"height\":259,\"caption\":\"The Lodge Billund\"},\"image\":{\"@id\":\"https:\\\/\\\/thelodge.dk\\\/da\\\/#\\\/schema\\\/logo\\\/image\\\/\"}}]}<\/script>\n<!-- \/ Yoast SEO plugin. -->","yoast_head_json":{"title":"M\u00f8der i Billund og Vejle - The Lodge","robots":{"index":"index","follow":"follow","max-snippet":"max-snippet:-1","max-image-preview":"max-image-preview:large","max-video-preview":"max-video-preview:-1"},"canonical":"https:\/\/thelodge.dk\/da\/moeder-i-billund-og-vejle\/","og_locale":"da_DK","og_type":"article","og_title":"M\u00f8der i Billund og Vejle - The Lodge","og_description":"M\u00d8DE I BILLUND? KLIK HER M\u00d8DE I VEJLE? KLIK HER","og_url":"https:\/\/thelodge.dk\/da\/moeder-i-billund-og-vejle\/","og_site_name":"The Lodge","article_modified_time":"2026-01-09T14:13:41+00:00","og_image":[{"width":2200,"height":1467,"url":"https:\/\/thelodge.dk\/wp-content\/uploads\/2023\/11\/web_TheLodge_RAIS3851.jpg","type":"image\/jpeg"}],"twitter_card":"summary_large_image","schema":{"@context":"https:\/\/schema.org","@graph":[{"@type":"WebPage","@id":"https:\/\/thelodge.dk\/da\/moeder-i-billund-og-vejle\/","url":"https:\/\/thelodge.dk\/da\/moeder-i-billund-og-vejle\/","name":"M\u00f8der i Billund og Vejle - The Lodge","isPartOf":{"@id":"https:\/\/thelodge.dk\/da\/#website"},"primaryImageOfPage":{"@id":"https:\/\/thelodge.dk\/da\/moeder-i-billund-og-vejle\/#primaryimage"},"image":{"@id":"https:\/\/thelodge.dk\/da\/moeder-i-billund-og-vejle\/#primaryimage"},"thumbnailUrl":"https:\/\/thelodge.dk\/wp-content\/uploads\/2023\/11\/web_TheLodge_RAIS3851-1024x683.jpg","datePublished":"2024-09-25T07:50:08+00:00","dateModified":"2026-01-09T14:13:41+00:00","breadcrumb":{"@id":"https:\/\/thelodge.dk\/da\/moeder-i-billund-og-vejle\/#breadcrumb"},"inLanguage":"da-DK","potentialAction":[{"@type":"ReadAction","target":["https:\/\/thelodge.dk\/da\/moeder-i-billund-og-vejle\/"]}]},{"@type":"ImageObject","inLanguage":"da-DK","@id":"https:\/\/thelodge.dk\/da\/moeder-i-billund-og-vejle\/#primaryimage","url":"https:\/\/thelodge.dk\/wp-content\/uploads\/2023\/11\/web_TheLodge_RAIS3851-1024x683.jpg","contentUrl":"https:\/\/thelodge.dk\/wp-content\/uploads\/2023\/11\/web_TheLodge_RAIS3851-1024x683.jpg"},{"@type":"BreadcrumbList","@id":"https:\/\/thelodge.dk\/da\/moeder-i-billund-og-vejle\/#breadcrumb","itemListElement":[{"@type":"ListItem","position":1,"name":"Hjem","item":"https:\/\/thelodge.dk\/da\/forside\/"},{"@type":"ListItem","position":2,"name":"M\u00f8der i Billund og Vejle"}]},{"@type":"WebSite","@id":"https:\/\/thelodge.dk\/da\/#website","url":"https:\/\/thelodge.dk\/da\/","name":"The Lodge","description":"Billund","publisher":{"@id":"https:\/\/thelodge.dk\/da\/#organization"},"potentialAction":[{"@type":"SearchAction","target":{"@type":"EntryPoint","urlTemplate":"https:\/\/thelodge.dk\/da\/?s={search_term_string}"},"query-input":{"@type":"PropertyValueSpecification","valueRequired":true,"valueName":"search_term_string"}}],"inLanguage":"da-DK"},{"@type":"Organization","@id":"https:\/\/thelodge.dk\/da\/#organization","name":"The Lodge Billund","url":"https:\/\/thelodge.dk\/da\/","logo":{"@type":"ImageObject","inLanguage":"da-DK","@id":"https:\/\/thelodge.dk\/da\/#\/schema\/logo\/image\/","url":"https:\/\/thelodge.dk\/wp-content\/uploads\/2020\/10\/rgb_119_145_138.svg","contentUrl":"https:\/\/thelodge.dk\/wp-content\/uploads\/2020\/10\/rgb_119_145_138.svg","width":565,"height":259,"caption":"The Lodge Billund"},"image":{"@id":"https:\/\/thelodge.dk\/da\/#\/schema\/logo\/image\/"}}]}},"_links":{"self":[{"href":"https:\/\/thelodge.dk\/da\/wp-json\/wp\/v2\/pages\/7806","targetHints":{"allow":["GET"]}}],"collection":[{"href":"https:\/\/thelodge.dk\/da\/wp-json\/wp\/v2\/pages"}],"about":[{"href":"https:\/\/thelodge.dk\/da\/wp-json\/wp\/v2\/types\/page"}],"author":[{"embeddable":true,"href":"https:\/\/thelodge.dk\/da\/wp-json\/wp\/v2\/users\/4"}],"replies":[{"embeddable":true,"href":"https:\/\/thelodge.dk\/da\/wp-json\/wp\/v2\/comments?post=7806"}],"version-history":[{"count":1,"href":"https:\/\/thelodge.dk\/da\/wp-json\/wp\/v2\/pages\/7806\/revisions"}],"predecessor-version":[{"id":7807,"href":"https:\/\/thelodge.dk\/da\/wp-json\/wp\/v2\/pages\/7806\/revisions\/7807"}],"wp:attachment":[{"href":"https:\/\/thelodge.dk\/da\/wp-json\/wp\/v2\/media?parent=7806"}],"curies":[{"name":"wp","href":"https:\/\/api.w.org\/{rel}","templated":true}]}}